{"id":11,"date":"2017-01-11T14:39:22","date_gmt":"2017-01-11T13:39:22","guid":{"rendered":"https:\/\/www.laufzeit.de\/mueggelsee_hm\/?page_id=11"},"modified":"2024-11-12T08:24:51","modified_gmt":"2024-11-12T07:24:51","slug":"anfahrt-zu-start-und-ziel","status":"publish","type":"page","link":"https:\/\/ww-sport.de\/mueggelsee_hm\/anfahrt-zu-start-und-ziel\/","title":{"rendered":"Anfahrt zu Start und Ziel"},"content":{"rendered":"<div class=\"wp-block-image\">\r\n<figure class=\"alignleft\"><a href=\"https:\/\/maps.app.goo.gl\/HL3Jw49hTdH6nK2L8\" target=\"_blank\" rel=\"noopener\"><img loading=\"lazy\" decoding=\"async\" width=\"300\" height=\"242\" class=\"wp-image-2113\" src=\"https:\/\/ww-sport.de\/mueggelsee_hm\/wp-content\/uploads\/2023\/10\/2023_anfahrt_skizze-300x242.jpg\" alt=\"\" srcset=\"https:\/\/ww-sport.de\/mueggelsee_hm\/wp-content\/uploads\/2023\/10\/2023_anfahrt_skizze-300x242.jpg 300w, https:\/\/ww-sport.de\/mueggelsee_hm\/wp-content\/uploads\/2023\/10\/2023_anfahrt_skizze-68x55.jpg 68w, https:\/\/ww-sport.de\/mueggelsee_hm\/wp-content\/uploads\/2023\/10\/2023_anfahrt_skizze.jpg 500w\" sizes=\"auto, (max-width: 300px) 100vw, 300px\" \/><\/a><\/figure>\r\n<\/div>\r\n\r\n\r\n<p>Start und Ziel, Gep\u00e4ckaufbewahrung sowie Toiletten f\u00fcr die Teilnehmer*innen am M\u00fcggelsee-Halbmarathon befinden sich an der \u201eM\u00fcggelseeperle Hotel &amp; Conference Berlin\u201d (ehemals \u201eHotel am M\u00fcggelsee\u201d). Das Hotel liegt direkt am Ufer des M\u00fcggelsees.<\/p>\r\n\r\n\r\n\r\n<p>Dort gibt es im \u201ePrinzengarten\u201d Gastronomie (Imbiss). Berlin-K\u00f6penick liegt im S\u00fcdosten der Stadt zirka 20 Kilometer Luftlinie vom Zentrum entfernt.<\/p>\r\n\r\n\r\n\r\n<p><strong>Hinweis:<\/strong> Klick auf die Skizze \u00f6ffnet Google-Maps. Vorher werden keine Daten \u00fcbertragen.<\/p>\r\n\r\n\r\n<hr class=\"wp-block-separator has-alpha-channel-opacity\" \/>\r\n\r\n\r\n<h3 class=\"wp-block-heading\">Anfahrt<\/h3>\r\n\r\n\r\n\r\n<p><strong>\u00d6PNV<\/strong><br \/>\u2013 Mit der S-Bahnlinie S3 (Spandau \u2013 Erkner) bis zum <strong>S-Bahnhof K\u00f6penick<\/strong>, dann ab dort <a href=\"https:\/\/www.bvg.de\/de\/verbindungen\/linienuebersicht\/169\" target=\"_blank\" rel=\"noopener\"><strong>Buslinie 169<\/strong><\/a> (Link zur BVG, dort auch PDF mit Abfahrtzeiten) nach M\u00fcggelheim\/Odernberger Str. (bis <strong>Haltestelle M\u00fcggelseeperle<\/strong>). Von dort sind es zirka 10 Minuten Fu\u00dfweg bis zum Veranstaltungsgel\u00e4nde \u201eM\u00fcggelseeperle\u201d.<\/p>\r\n\r\n\r\n\r\n<p>\u2013 Am <strong>Veranstaltungstag<\/strong> gibt es um <strong>8.30 Uhr<\/strong> von der Anlegestelle der <a href=\"https:\/\/goo.gl\/maps\/2i6nqD4PDdxRy2HD9\" target=\"_blank\" rel=\"noopener noreferrer\">Reederei Kutzker in Friedrichshagen\/Spreetunnel<\/a> (Klick auf den Link \u00f6ffnet Google-Maps) einen kostenlosen Schiffs-Shuttle (Reederei Kutzker) zum Startort. Vom S-Bahnhof Friedrichshagen (S3) erreicht man den Anleger zu Fu\u00df \u00fcber die B\u00f6lschestra\u00dfe (zirka 1 km) oder mit den Stra\u00dfenbahnlinien 60 und 61 (B\u00f6lschestra\u00dfe).<\/p>\r\n\r\n\r\n\r\n<p><strong>PKW\/Fahrrad<\/strong><br \/>\u2013 M\u00fcggelheimer Damm in Richtung M\u00fcggelheim\/Gosen. Die Einfahrt zur \u201eM\u00fcggelseeperle\u201d ist ausgeschildert.<br \/>\u2013 PKW-Parkpl\u00e4tze <b style=\"color: red;\">(begrenzte Anzahl!)<\/b> befinden sich an der \u201eM\u00fcggelseeperle\u201d (Parkraum\u00fcberwachung mit Kennzeichenerfassung) oder auch bei der Einfahrt \u201eR\u00fcbezahl\u201d.<\/p>\r\n\r\n\r\n\r\n<p><strong>Parken Sie nicht auf dem M\u00fcggelheimer Damm! Dort besteht Parkverbot \u2013 wildes Parken dort <\/strong><strong><span style=\"color: #ff0000;\">gef\u00e4hrdet<\/span> den Stra\u00dfenverkehr!<br \/>Nicht seitlich auf der Zufahrt zum Parkplatz bzw. Hotel (Parkverbot!) parken \u2013 es wird <span style=\"color: #ff0000;\">freie Fahrt f\u00fcr <\/span><\/strong><strong><span style=\"color: #ff0000;\">Nothilfe- und Versorgungsfahrzeuge<\/span> ben\u00f6tigt!<br \/><\/strong>Das <strong>Ordnungsamt<\/strong> ist am Veranstaltungstag zudem meistens sehr aktiv &#8230;<\/p>\r\n\r\n\r\n\r\n<h4 class=\"wp-block-heading\">Ungef\u00e4hre Anreisezeiten zu \u201eM\u00fcggelseeperle\u201d<\/h4>\r\n\r\n\r\n\r\n<p>\u2013 \u00d6PNV vom Alexanderplatz: zirka 1 Stunde 30 Minuten<\/p>\r\n\r\n\r\n\r\n<p>\u2013 \u00d6PNV vom Bahnhof Zoo: zirka 1 Stunde 45 Minuten<\/p>\r\n\r\n\r\n\r\n<p>\u2013 \u00d6PNV vom Flughafen Berlin Brandenburg (BER): zirka 1 Stunde 30 Minuten<\/p>\r\n\r\n\r\n\r\n<p>\u2013 PKW vom Alexanderplatz: zirka 45 Minuten (ohne Parkplatz-Suche :-))<\/p>\r\n\r\n\r\n\r\n<p>\u2013 Fahrrad vom Alexanderplatz: zirka 1 Stunde 20 Minuten (auch ohne Parkplatz-Suche :-))<\/p>\r\n<hr \/>\r\n<h3>Naturschutz<\/h3>\r\n<p>Der Lauf findet im K\u00f6penicker Forst und im Stra\u00dfengebiet Friedrichshagen, Rahnsdorf, M\u00fcggelhort statt. Bitte nehmen Sie <strong>R\u00fccksicht auf die Natur<\/strong>! Die Veranstaltung wurde unter Auflagen vom Forstamt genehmigt. Wir befinden uns in <strong>Naturschutzgebieten<\/strong>! Bitte keinen L\u00e4rm durch Angeh\u00f6rige verursachen. Die Verpflegungsstellen werden von uns anschlie\u00dfend von Abf\u00e4llen ger\u00e4umt. Lassen Sie benutzte\u00a0 Trinkbecher (Mehrwegbecher!) bitte in der N\u00e4he der Verpflegungsstelle fallen und werfen Sie diese <strong>nicht<\/strong> im Gel\u00e4nde ab. Sorgen Sie mit daf\u00fcr, dass die Veranstaltung auch zuk\u00fcnftig die Genehmigung durch die Forstbetriebe erhalten kann!<\/p>\r\n","protected":false},"excerpt":{"rendered":"<p>Start und Ziel, Gep\u00e4ckaufbewahrung sowie Toiletten f\u00fcr die Teilnehmer*innen am M\u00fcggelsee-Halbmarathon befinden sich an der \u201eM\u00fcggelseeperle Hotel &amp; Conference Berlin\u201d (ehemals \u201eHotel am M\u00fcggelsee\u201d). Das Hotel liegt direkt am Ufer des M\u00fcggelsees. Dort gibt es im \u201ePrinzengarten\u201d Gastronomie (Imbiss). Berlin-K\u00f6penick liegt im S\u00fcdosten der Stadt zirka 20 Kilometer Luftlinie vom [\u2026] <\/p>\n<div class=\"clear\"><\/div>\n<p><a class=\"more_link clearfix\" href=\"https:\/\/ww-sport.de\/mueggelsee_hm\/anfahrt-zu-start-und-ziel\/\" rel=\"nofollow\">Read More<\/a><\/p>\n","protected":false},"author":1,"featured_media":0,"parent":0,"menu_order":40,"comment_status":"closed","ping_status":"closed","template":"","meta":{"footnotes":""},"class_list":["post-11","page","type-page","status-publish","hentry"],"_links":{"self":[{"href":"https:\/\/ww-sport.de\/mueggelsee_hm\/wp-json\/wp\/v2\/pages\/11","targetHints":{"allow":["GET"]}}],"collection":[{"href":"https:\/\/ww-sport.de\/mueggelsee_hm\/wp-json\/wp\/v2\/pages"}],"about":[{"href":"https:\/\/ww-sport.de\/mueggelsee_hm\/wp-json\/wp\/v2\/types\/page"}],"author":[{"embeddable":true,"href":"https:\/\/ww-sport.de\/mueggelsee_hm\/wp-json\/wp\/v2\/users\/1"}],"replies":[{"embeddable":true,"href":"https:\/\/ww-sport.de\/mueggelsee_hm\/wp-json\/wp\/v2\/comments?post=11"}],"version-history":[{"count":45,"href":"https:\/\/ww-sport.de\/mueggelsee_hm\/wp-json\/wp\/v2\/pages\/11\/revisions"}],"predecessor-version":[{"id":3075,"href":"https:\/\/ww-sport.de\/mueggelsee_hm\/wp-json\/wp\/v2\/pages\/11\/revisions\/3075"}],"wp:attachment":[{"href":"https:\/\/ww-sport.de\/mueggelsee_hm\/wp-json\/wp\/v2\/media?parent=11"}],"curies":[{"name":"wp","href":"https:\/\/api.w.org\/{rel}","templated":true}]}}