{"id":1169,"date":"2020-09-01T16:08:46","date_gmt":"2020-09-01T14:08:46","guid":{"rendered":"https:\/\/ww-sport.de\/mueggelsee_hm\/?page_id=1169"},"modified":"2020-10-07T10:55:44","modified_gmt":"2020-10-07T08:55:44","slug":"umfrage-laufkalender-2021","status":"publish","type":"page","link":"https:\/\/ww-sport.de\/mueggelsee_hm\/umfrage-laufkalender-2021\/","title":{"rendered":"Umfrage Laufkalender 2021"},"content":{"rendered":"<p>Wir \u2013 das Team der WW-Sportveranstaltungs GmbH \u2013 \u00fcberlegen, in ob und in welcher Form ein Laufkalender noch zeitgem\u00e4\u00df ist. Bisher gab es neben regionalen Laufkalendern auch immer einen \u201eGro\u00dfen\u201d mit den Laufterminen aus Deutschland, \u00d6sterreich und der Schweiz sowie einigen weiteren Nachbarn.<\/p>\n<p>Die folgende Umfrage soll uns helfen, eine qualifizierte Entscheidung zu treffen und ein Termin-Angebot 2021 nach den Bed\u00fcrfnissen der Laufsportgemeinde zusammenstellen.<\/p>\n<p>Vielen Dank f\u00fcr Ihre Unterst\u00fctzung! Die Umfrage bleibt bis zum 17. Oktober 2020 online.<\/p>\n<p><strong>Datenschutz-Hinweis:<\/strong> Die Teilnahme an der Umfrage erfolgt anonymisiert, d. h. der Teilnehmer kann nicht zur\u00fcckverfolgt werden. Alle Daten der Umfrage werden sp\u00e4testens 14 Monate nach dem Ende der Umfrage gel\u00f6scht. Mehr Informationen finden Sie in der <a href=\"https:\/\/ww-sport.de\/mueggelsee_hm\/datenschutz\/\" target=\"_blank\" rel=\"noopener noreferrer\">Datenschutzerkl\u00e4rung<\/a>.<\/p>\n<p><span style=\"font-size: 10pt;\">Foto: Shutterstock\/Shift Drive.<\/span><\/p>\n<div class='bootstrap-yop yop-poll-mc'>\n\t\t\t\t\t\t\t<div class=\"basic-yop-poll-container\" style=\"background-color:#ffffff; border:1px; border-style:solid; border-color:#000000; border-radius:0px; padding:10px 10px;\" data-id=\"1\" data-temp=\"basic-pretty\" data-skin=\"square\" data-cscheme=\"blue\" data-cap=\"0\" data-access=\"guest\" data-tid=\"\" data-uid=\"fa9c1456f51662ed1c93b464fe8a1b46\" data-pid=\"1169\" data-resdet=\"votes-number,percentages\" data-show-results-to=\"guest\" data-show-results-moment=\"after-vote\" data-show-results-only=\"true\" data-show-message=\"true\" data-show-results-as=\"bar\" data-sort-results-by=\"as-defined\" data-sort-results-rule=\"asc\"data-is-ended=\"1\" data-percentages-decimals=\"1\" data-gdpr=\"yes\" data-gdpr-sol=\"anonymize\" data-css=\".basic-yop-poll-container[data-uid] .basic-vote {\n\t\t\t\t\t\t\t\t\ttext-align: center;\n\t\t\t\t\t\t\t\t}\n.basic-yop-poll-container .basic-question-title h5 {\ncolor: navy !important;\nfont-weight: bold !important;\n}\" data-counter=\"0\" data-load-with=\"1\" data-notification-section=\"top\"><div class=\"row\"><div class=\"col-md-12\"><div class=\"basic-inner\"><div class=\"basic-message \" style=\"border-left: 10px solid #008000; padding: 0px 10px;\" data-error=\"#ff0000\" data-success=\"#008000\"><p class=\"basic-message-text\" style=\"color:#000000; font-size:14px; font-weight:normal;\">This poll is no longer accepting votes<\/p><\/div><div class=\"basic-overlay hide\"><div class=\"basic-vote-options\"><\/div><div class=\"basic-preloader\"><div class=\"basic-windows8\"><div class=\"basic-wBall basic-wBall_1\"><div class=\"basic-wInnerBall\"><\/div><\/div><div class=\"basic-wBall basic-wBall_2\"><div class=\"basic-wInnerBall\"><\/div><\/div><div class=\"basic-wBall basic-wBall_3\"><div class=\"basic-wInnerBall\"><\/div><\/div><div class=\"basic-wBall basic-wBall_4\"><div class=\"basic-wInnerBall\"><\/div><\/div><div class=\"basic-wBall basic-wBall_5\"><div class=\"basic-wInnerBall\"><\/div><\/div><\/div><\/div><\/div><form class=\"basic-form\"><input type=\"hidden\" name=\"_token\" value=\"7560f1fdb6\" autocomplete=\"off\"><div class=\"basic-elements\"><div class=\"basic-element basic-question basic-question-text-vertical\" data-id=\"1\" data-uid=\"66523a513bb3d379ec4efbf072f6cee2\" data-type=\"question\" data-question-type=\"text\" data-required=\"yes\" data-allow-multiple=\"no\" data-min=\"1\" data-max=\"1\" data-display=\"vertical\" data-colnum=\"\" data-display-others=\"no\" data-others-color=\"\" data-others=\"\" data-others-max-chars=\"0\"><div class=\"basic-question-title\"><h5 style=\"color:#000000; font-size:16px; font-weight:normal; text-align:left;\">Ben\u00f6tigen Sie f\u00fcr Ihre Trainings- und Wettkampfplanung einen Laufkalender 2021?<\/h5><\/div><ul class=\"basic-answers\"><li class=\"basic-answer\" style=\"padding:0px 0px;\" data-id=\"1\" data-type=\"text\" data-vn=\"93\" data-color=\"#000000\" data-make-link=\"no\" data-link=\"\"><div class=\"basic-answer-content basic-text-vertical\"><label for=\"answer[1]\" class=\"basic-answer-label\"><input type=\"radio\" id=\"answer[1]\" name=\"answer[1]\" value=\"1\"><span class=\"basic-text\" style=\"color: #000000; font-size: 14px; font-weight: normal;\">Ja, unbedingt.<\/span><\/label><\/div><\/li><li class=\"basic-answer\" style=\"padding:0px 0px;\" data-id=\"2\" data-type=\"text\" data-vn=\"10\" data-color=\"#000000\" data-make-link=\"no\" data-link=\"\"><div class=\"basic-answer-content basic-text-vertical\"><label for=\"answer[2]\" class=\"basic-answer-label\"><input type=\"radio\" id=\"answer[2]\" name=\"answer[1]\" value=\"2\"><span class=\"basic-text\" style=\"color: #000000; font-size: 14px; font-weight: normal;\">Nein.<\/span><\/label><\/div><\/li><li class=\"basic-answer\" style=\"padding:0px 0px;\" data-id=\"3\" data-type=\"text\" data-vn=\"17\" data-color=\"#000000\" data-make-link=\"no\" data-link=\"\"><div class=\"basic-answer-content basic-text-vertical\"><label for=\"answer[3]\" class=\"basic-answer-label\"><input type=\"radio\" id=\"answer[3]\" name=\"answer[1]\" value=\"3\"><span class=\"basic-text\" style=\"color: #000000; font-size: 14px; font-weight: normal;\">Ich bin mir nicht sicher ...<\/span><\/label><\/div><\/li><\/ul><\/div><div class=\"clearfix\"><\/div><div class=\"basic-element basic-question basic-question-text-vertical\" data-id=\"2\" data-uid=\"f7eb01d2ff5c3b129383da7d74322b76\" data-type=\"question\" data-question-type=\"text\" data-required=\"yes\" data-allow-multiple=\"no\" data-min=\"1\" data-max=\"1\" data-display=\"vertical\" data-colnum=\"\" data-display-others=\"no\" data-others-color=\"\" data-others=\"\" data-others-max-chars=\"0\"><div class=\"basic-question-title\"><h5 style=\"color:#000000; font-size:16px; font-weight:normal; text-align:left;\">Wenn Sie einen Kalender ben\u00f6tigen \u2013 in welcher Form?<\/h5><\/div><ul class=\"basic-answers\"><li class=\"basic-answer\" style=\"padding:0px 0px;\" data-id=\"4\" data-type=\"text\" data-vn=\"18\" data-color=\"#000000\" data-make-link=\"no\" data-link=\"\"><div class=\"basic-answer-content basic-text-vertical\"><label for=\"answer[4]\" class=\"basic-answer-label\"><input type=\"radio\" id=\"answer[4]\" name=\"answer[2]\" value=\"4\"><span class=\"basic-text\" style=\"color: #000000; font-size: 14px; font-weight: normal;\">Als gedruckte Variante.<\/span><\/label><\/div><\/li><li class=\"basic-answer\" style=\"padding:0px 0px;\" data-id=\"5\" data-type=\"text\" data-vn=\"31\" data-color=\"#000000\" data-make-link=\"no\" data-link=\"\"><div class=\"basic-answer-content basic-text-vertical\"><label for=\"answer[5]\" class=\"basic-answer-label\"><input type=\"radio\" id=\"answer[5]\" name=\"answer[2]\" value=\"5\"><span class=\"basic-text\" style=\"color: #000000; font-size: 14px; font-weight: normal;\">Als PDF.<\/span><\/label><\/div><\/li><li class=\"basic-answer\" style=\"padding:0px 0px;\" data-id=\"6\" data-type=\"text\" data-vn=\"71\" data-color=\"#000000\" data-make-link=\"no\" data-link=\"\"><div class=\"basic-answer-content basic-text-vertical\"><label for=\"answer[6]\" class=\"basic-answer-label\"><input type=\"radio\" id=\"answer[6]\" name=\"answer[2]\" value=\"6\"><span class=\"basic-text\" style=\"color: #000000; font-size: 14px; font-weight: normal;\">Als Handy tauglicher Online-Kalender.<\/span><\/label><\/div><\/li><\/ul><\/div><div class=\"clearfix\"><\/div><div class=\"basic-element basic-question basic-question-text-vertical\" data-id=\"3\" data-uid=\"f6d7b0f4a6bc9a7661ec606f13ddd94f\" data-type=\"question\" data-question-type=\"text\" data-required=\"yes\" data-allow-multiple=\"yes\" data-min=\"1\" data-max=\"3\" data-display=\"vertical\" data-colnum=\"\" data-display-others=\"no\" data-others-color=\"\" data-others=\"\" data-others-max-chars=\"0\"><div class=\"basic-question-title\"><h5 style=\"color:#000000; font-size:16px; font-weight:normal; text-align:left;\">Was w\u00e4re Ihnen ein detaillierter Laufkalender 2021 (GER, AUT, SUI) wert? (3 Antworten m\u00f6glich)<\/h5><\/div><ul class=\"basic-answers\"><li class=\"basic-answer\" style=\"padding:0px 0px;\" data-id=\"7\" data-type=\"text\" data-vn=\"19\" data-color=\"#000000\" data-make-link=\"no\" data-link=\"\"><div class=\"basic-answer-content basic-text-vertical\"><label for=\"answer[7]\" class=\"basic-answer-label\"><input type=\"checkbox\" id=\"answer[7]\" name=\"answer[3]\" value=\"7\"><span class=\"basic-text\" style=\"color: #000000; font-size: 14px; font-weight: normal;\">Gedruckt: Zirka 4,\u2013 EUR.<\/span><\/label><\/div><\/li><li class=\"basic-answer\" style=\"padding:0px 0px;\" data-id=\"8\" data-type=\"text\" data-vn=\"25\" data-color=\"#000000\" data-make-link=\"no\" data-link=\"\"><div class=\"basic-answer-content basic-text-vertical\"><label for=\"answer[8]\" class=\"basic-answer-label\"><input type=\"checkbox\" id=\"answer[8]\" name=\"answer[3]\" value=\"8\"><span class=\"basic-text\" style=\"color: #000000; font-size: 14px; font-weight: normal;\">PDF: Zirka 1,50 EUR.<\/span><\/label><\/div><\/li><li class=\"basic-answer\" style=\"padding:0px 0px;\" data-id=\"9\" data-type=\"text\" data-vn=\"53\" data-color=\"#000000\" data-make-link=\"no\" data-link=\"\"><div class=\"basic-answer-content basic-text-vertical\"><label for=\"answer[9]\" class=\"basic-answer-label\"><input type=\"checkbox\" id=\"answer[9]\" name=\"answer[3]\" value=\"9\"><span class=\"basic-text\" style=\"color: #000000; font-size: 14px; font-weight: normal;\">Online: einmalig freischalten f\u00fcr 1,\u2013 EUR.<\/span><\/label><\/div><\/li><li class=\"basic-answer\" style=\"padding:0px 0px;\" data-id=\"10\" data-type=\"text\" data-vn=\"44\" data-color=\"#000000\" data-make-link=\"no\" data-link=\"\"><div class=\"basic-answer-content basic-text-vertical\"><label for=\"answer[10]\" class=\"basic-answer-label\"><input type=\"checkbox\" id=\"answer[10]\" name=\"answer[3]\" value=\"10\"><span class=\"basic-text\" style=\"color: #000000; font-size: 14px; font-weight: normal;\">Ich w\u00fcrde daf\u00fcr kein Geld ausgeben.<\/span><\/label><\/div><\/li><\/ul><\/div><div class=\"clearfix\"><\/div><\/div><div class=\"basic-vote\"><a href=\"#\" class=\"button basic-vote-button\" role=\"button\" style=\"background:#ffffff; border:1px; border-style: solid; border-color:#000000; border-radius:0px; padding:5px 10px; color:#000000; font-size:14px; font-weight:normal;\">Abstimmen<\/a><button class=\"basic-back-to-vote-button\" style=\"background:#ffffff; border:1px; border-style: solid; border-color:#000000; border-radius:0px; padding:5px 10px; color:#000000; font-size:14px; font-weight:normal; display:none;\">Zur\u00fcck zur Abstimmung<\/button><\/div><\/form><\/div><\/div><\/div><\/div>\n\t\t\t\t\t\t<\/div>\n","protected":false},"excerpt":{"rendered":"<p>Wir \u2013 das Team der WW-Sportveranstaltungs GmbH \u2013 \u00fcberlegen, in ob und in welcher Form ein Laufkalender noch zeitgem\u00e4\u00df ist. Bisher gab es neben regionalen Laufkalendern auch immer einen \u201eGro\u00dfen\u201d mit den Laufterminen aus Deutschland, \u00d6sterreich und der Schweiz sowie einigen weiteren Nachbarn. Die folgende Umfrage soll uns helfen, eine [\u2026] <\/p>\n<div class=\"clear\"><\/div>\n<p><a class=\"more_link clearfix\" href=\"https:\/\/ww-sport.de\/mueggelsee_hm\/umfrage-laufkalender-2021\/\" rel=\"nofollow\">Read More<\/a><\/p>\n","protected":false},"author":1,"featured_media":1178,"parent":0,"menu_order":100,"comment_status":"closed","ping_status":"closed","template":"","meta":{"footnotes":""},"class_list":["post-1169","page","type-page","status-publish","has-post-thumbnail","hentry"],"_links":{"self":[{"href":"https:\/\/ww-sport.de\/mueggelsee_hm\/wp-json\/wp\/v2\/pages\/1169","targetHints":{"allow":["GET"]}}],"collection":[{"href":"https:\/\/ww-sport.de\/mueggelsee_hm\/wp-json\/wp\/v2\/pages"}],"about":[{"href":"https:\/\/ww-sport.de\/mueggelsee_hm\/wp-json\/wp\/v2\/types\/page"}],"author":[{"embeddable":true,"href":"https:\/\/ww-sport.de\/mueggelsee_hm\/wp-json\/wp\/v2\/users\/1"}],"replies":[{"embeddable":true,"href":"https:\/\/ww-sport.de\/mueggelsee_hm\/wp-json\/wp\/v2\/comments?post=1169"}],"version-history":[{"count":12,"href":"https:\/\/ww-sport.de\/mueggelsee_hm\/wp-json\/wp\/v2\/pages\/1169\/revisions"}],"predecessor-version":[{"id":1322,"href":"https:\/\/ww-sport.de\/mueggelsee_hm\/wp-json\/wp\/v2\/pages\/1169\/revisions\/1322"}],"wp:featuredmedia":[{"embeddable":true,"href":"https:\/\/ww-sport.de\/mueggelsee_hm\/wp-json\/wp\/v2\/media\/1178"}],"wp:attachment":[{"href":"https:\/\/ww-sport.de\/mueggelsee_hm\/wp-json\/wp\/v2\/media?parent=1169"}],"curies":[{"name":"wp","href":"https:\/\/api.w.org\/{rel}","templated":true}]}}