{"id":1554,"date":"2022-05-13T10:07:15","date_gmt":"2022-05-13T08:07:15","guid":{"rendered":"https:\/\/ww-sport.de\/mueggelsee_hm\/?page_id=1554"},"modified":"2023-10-09T18:40:18","modified_gmt":"2023-10-09T16:40:18","slug":"kostenloser-freistart","status":"publish","type":"page","link":"https:\/\/ww-sport.de\/mueggelsee_hm\/kostenloser-freistart\/","title":{"rendered":"Kostenlosen Freistart sichern!"},"content":{"rendered":"<div class=\"wp-block-image\">\n<figure class=\"alignleft size-medium\"><img loading=\"lazy\" decoding=\"async\" width=\"200\" height=\"300\" src=\"https:\/\/ww-sport.de\/mueggelsee_hm\/wp-content\/uploads\/2022\/05\/2022_MTL_trinken_DSC_5153-200x300.jpg\" alt=\"\" class=\"wp-image-1557\" srcset=\"https:\/\/ww-sport.de\/mueggelsee_hm\/wp-content\/uploads\/2022\/05\/2022_MTL_trinken_DSC_5153-200x300.jpg 200w, https:\/\/ww-sport.de\/mueggelsee_hm\/wp-content\/uploads\/2022\/05\/2022_MTL_trinken_DSC_5153-37x55.jpg 37w, https:\/\/ww-sport.de\/mueggelsee_hm\/wp-content\/uploads\/2022\/05\/2022_MTL_trinken_DSC_5153-580x868.jpg 580w, https:\/\/ww-sport.de\/mueggelsee_hm\/wp-content\/uploads\/2022\/05\/2022_MTL_trinken_DSC_5153.jpg 668w\" sizes=\"auto, (max-width: 200px) 100vw, 200px\" \/><\/figure>\n<\/div>\n\n\n<p>Ihr Herz schl\u00e4gt f\u00fcr den Laufsport und sch\u00f6ne Wettk\u00e4mpfe? Dann sind Sie hier genau richtig: Wir suchen Sie als <strong>Helfer f\u00fcr den M\u00fcggelsee-Halbmarathon<\/strong> am <strong>Samstag<\/strong> und <strong>Sonntag<\/strong> der Veranstaltung. Im Gegenzug laden wir Sie ein, kostenlos beim kommenden <a href=\"https:\/\/ww-sport.de\/mueggelturm-lauf\/\" target=\"_blank\" rel=\"noopener\">Lauf \u201eRund um den M\u00fcggelturm \u2013 der Lauf in den Fr\u00fchling\u201d<\/a> auf einer Strecke Ihrer Wahl zu starten.<\/p>\n\n\n\n<h3 class=\"wp-block-heading\">Deal?<\/h3>\n\n\n\n<p>Dann bitte <strong>melden unter<\/strong>: <a href=\"mailto:anmeldung@mueggelturm-lauf.de?subject=Helfer*In f\u00fcr den M\u00fcggelsee-Halbmarathon\/kostenloser Startplatz beim n\u00e4chsten M\u00fcggelturmlauf\" target=\"_blank\" rel=\"noopener\">anmeldung@mueggelturm-lauf.de<\/a>.<\/p>\n\n\n\n<p>Wir freuen uns, mit ihrer Hilfe eine gelungene Veranstaltung zu organisieren und Sie dann im n\u00e4chsten Fr\u00fchjahr im Strandbad Wendenschloss als Laufteilnehmer*in zu begr\u00fc\u00dfen.<\/p>\n\n\n\n<p>Danke und mit laufsportlichen Gr\u00fc\u00dfen<\/p>\n\n\n\n<p>Wolfgang Weising<\/p>\n\n\n\n<p>Orga-Leitung<\/p>\n","protected":false},"excerpt":{"rendered":"<p>Ihr Herz schl\u00e4gt f\u00fcr den Laufsport und sch\u00f6ne Wettk\u00e4mpfe? Dann sind Sie hier genau richtig: Wir suchen Sie als Helfer f\u00fcr den M\u00fcggelsee-Halbmarathon am Samstag und Sonntag der Veranstaltung. Im Gegenzug laden wir Sie ein, kostenlos beim kommenden Lauf \u201eRund um den M\u00fcggelturm \u2013 der Lauf in den Fr\u00fchling\u201d auf [\u2026] <\/p>\n<div class=\"clear\"><\/div>\n<p><a class=\"more_link clearfix\" href=\"https:\/\/ww-sport.de\/mueggelsee_hm\/kostenloser-freistart\/\" rel=\"nofollow\">Read More<\/a><\/p>\n","protected":false},"author":1,"featured_media":0,"parent":0,"menu_order":22,"comment_status":"closed","ping_status":"closed","template":"","meta":{"footnotes":""},"class_list":["post-1554","page","type-page","status-publish","hentry"],"_links":{"self":[{"href":"https:\/\/ww-sport.de\/mueggelsee_hm\/wp-json\/wp\/v2\/pages\/1554","targetHints":{"allow":["GET"]}}],"collection":[{"href":"https:\/\/ww-sport.de\/mueggelsee_hm\/wp-json\/wp\/v2\/pages"}],"about":[{"href":"https:\/\/ww-sport.de\/mueggelsee_hm\/wp-json\/wp\/v2\/types\/page"}],"author":[{"embeddable":true,"href":"https:\/\/ww-sport.de\/mueggelsee_hm\/wp-json\/wp\/v2\/users\/1"}],"replies":[{"embeddable":true,"href":"https:\/\/ww-sport.de\/mueggelsee_hm\/wp-json\/wp\/v2\/comments?post=1554"}],"version-history":[{"count":8,"href":"https:\/\/ww-sport.de\/mueggelsee_hm\/wp-json\/wp\/v2\/pages\/1554\/revisions"}],"predecessor-version":[{"id":2001,"href":"https:\/\/ww-sport.de\/mueggelsee_hm\/wp-json\/wp\/v2\/pages\/1554\/revisions\/2001"}],"wp:attachment":[{"href":"https:\/\/ww-sport.de\/mueggelsee_hm\/wp-json\/wp\/v2\/media?parent=1554"}],"curies":[{"name":"wp","href":"https:\/\/api.w.org\/{rel}","templated":true}]}}