{"id":3193,"date":"2025-06-27T14:35:43","date_gmt":"2025-06-27T12:35:43","guid":{"rendered":"https:\/\/ww-sport.de\/mueggelsee_hm\/?page_id=3193"},"modified":"2025-06-27T14:39:21","modified_gmt":"2025-06-27T12:39:21","slug":"barrierefreiheitserklaerung","status":"publish","type":"page","link":"https:\/\/ww-sport.de\/mueggelsee_hm\/barrierefreiheitserklaerung\/","title":{"rendered":"Barrierefreiheitserkl\u00e4rung"},"content":{"rendered":"<p>Die Webseite <strong>mueggelsee-halbmarathon.de<\/strong>\u00a0wird im Sinne von \u00a7 2 Nr. 17 BFSG von einem Kleinstunternehmen betrieben und ist von den Regelungen des Barrierefreiheitsst\u00e4rkungsgesetz (BFSG) ausgenommen.<\/p>\n<p>Der Betreiber bem\u00fcht sich unabh\u00e4ngig davon, die Barrierefreiheit stets zu verbessern.<\/p>\n<h2>Datum der Erstellung bzw. der letzten Aktualisierung der Erkl\u00e4rung<\/h2>\n<p>Diese Erkl\u00e4rung wurde am 26.062025 erstellt und zuletzt am 26.06.2025 aktualisiert.<\/p>\n","protected":false},"excerpt":{"rendered":"<p>Die Webseite mueggelsee-halbmarathon.de\u00a0wird im Sinne von \u00a7 2 Nr. 17 BFSG von einem Kleinstunternehmen betrieben und ist von den Regelungen des Barrierefreiheitsst\u00e4rkungsgesetz (BFSG) ausgenommen. Der Betreiber bem\u00fcht sich unabh\u00e4ngig davon, die Barrierefreiheit stets zu verbessern. Datum der Erstellung bzw. der letzten Aktualisierung der Erkl\u00e4rung Diese Erkl\u00e4rung wurde am 26.062025 erstellt [\u2026] <\/p>\n<div class=\"clear\"><\/div>\n<p><a class=\"more_link clearfix\" href=\"https:\/\/ww-sport.de\/mueggelsee_hm\/barrierefreiheitserklaerung\/\" rel=\"nofollow\">Read More<\/a><\/p>\n","protected":false},"author":1,"featured_media":3196,"parent":0,"menu_order":85,"comment_status":"closed","ping_status":"closed","template":"","meta":{"footnotes":""},"class_list":["post-3193","page","type-page","status-publish","has-post-thumbnail","hentry"],"_links":{"self":[{"href":"https:\/\/ww-sport.de\/mueggelsee_hm\/wp-json\/wp\/v2\/pages\/3193","targetHints":{"allow":["GET"]}}],"collection":[{"href":"https:\/\/ww-sport.de\/mueggelsee_hm\/wp-json\/wp\/v2\/pages"}],"about":[{"href":"https:\/\/ww-sport.de\/mueggelsee_hm\/wp-json\/wp\/v2\/types\/page"}],"author":[{"embeddable":true,"href":"https:\/\/ww-sport.de\/mueggelsee_hm\/wp-json\/wp\/v2\/users\/1"}],"replies":[{"embeddable":true,"href":"https:\/\/ww-sport.de\/mueggelsee_hm\/wp-json\/wp\/v2\/comments?post=3193"}],"version-history":[{"count":2,"href":"https:\/\/ww-sport.de\/mueggelsee_hm\/wp-json\/wp\/v2\/pages\/3193\/revisions"}],"predecessor-version":[{"id":3195,"href":"https:\/\/ww-sport.de\/mueggelsee_hm\/wp-json\/wp\/v2\/pages\/3193\/revisions\/3195"}],"wp:featuredmedia":[{"embeddable":true,"href":"https:\/\/ww-sport.de\/mueggelsee_hm\/wp-json\/wp\/v2\/media\/3196"}],"wp:attachment":[{"href":"https:\/\/ww-sport.de\/mueggelsee_hm\/wp-json\/wp\/v2\/media?parent=3193"}],"curies":[{"name":"wp","href":"https:\/\/api.w.org\/{rel}","templated":true}]}}