{"id":4,"date":"2017-01-11T10:40:19","date_gmt":"2017-01-11T09:40:19","guid":{"rendered":"https:\/\/www.laufzeit.de\/mueggelsee_hm\/?page_id=4"},"modified":"2026-04-14T14:49:46","modified_gmt":"2026-04-14T12:49:46","slug":"laufen-sie-doch-einmal-etwas-besonderes","status":"publish","type":"page","link":"https:\/\/ww-sport.de\/mueggelsee_hm\/","title":{"rendered":"Laufen Sie doch einmal etwas Besonderes"},"content":{"rendered":"<div><a target=\"_blank\" href=\"https:\/\/www.davengo.com\/v3\/event\/register\/20-mueggelsee-halbmarathon-2026\/overview\"class=\"wpz-sc-button  red medium\" style=\"\"><span class=\"wpz-\">Anmelden f\u00fcr den 20. M\u00fcggelsee-Halbmarathon (davengo)<\/span><\/a><\/div>\r\n<div>Strahlender Sonnenschein, goldener Herbst, Schneegest\u00f6ber, Bl\u00e4tterwirbelwind \u2013 das alles gab es schon bei den zur\u00fcckliegenden Halbmarathons \u201eRund um den M\u00fcggelsee\u201d. Aber das Wetter spielte f\u00fcr die Begeisterung an diesem einzigartigen Lauf \u00fcberhaupt keine Rolle. Die Begeisterung war immer auf 100 Prozent beim Lauf um den und am gr\u00f6\u00dften See von Berlin.<\/div>\r\n<div class=\"wp-block-columns\">\r\n<div class=\"wp-block-column\" style=\"flex-basis: 100%;\">\r\n<div>Denn: Ob Sie auf dem Weg zu einer neuen Bestzeit sind, einfach nur einen entspannten Lauf genie\u00dfen wollen, oder Spa\u00df am Laufen in der Gemeinschaft haben, dann sind Sie beim M\u00fcggelsee-Halbmarathon mit seinen drei Streckenangeboten genau richtig!\r\nLassen Sie sich einladen zu einem wundersch\u00f6nen Lauf im S\u00fcdosten Berlins, immer entlang am Ufer des M\u00fcggelsees, der \u201eBadewanne\u201d der Berliner und mit Durchquerung des historischen Spreetunnels &#8230;<\/div>\r\n<h4>Los geht&#8217;s am 18. Oktober 2026 zu den Startzeiten:<\/h4>\r\n<ul style=\"list-style-type: circle;\">\r\n \t<li><div style=\"float:right;width: auto;background-image: linear-gradient(to top, red 0%, yellow 90%); border-radius:10px; font-size:1.8em; font-weight:700;line-height:1.4em; text-align:center;margin: 0 20px 5px 5px;padding:5px 20px 10px 20px;transform: rotate(1deg);transition:2s;\"><a style=\"color:black;\" href=\"https:\/\/ww-sport.de\/mueggelsee_hm\/kostenloser-freistart\/\" target=\"_blank\" rel=\"noopener noreferrer\">Kostenloser<br\/>Startplatz?<\/a><\/div><strong>10.00 Uhr<\/strong>: Halbmarathon<\/li>\r\n \t<li><strong>10.20 Uhr<\/strong>: 5 Kilometer<\/li>\r\n \t<li><strong>10.30 Uhr<\/strong>: 10 Kilometer<\/li>\r\n<\/ul>\r\n<strong>Zielschluss<\/strong> ist um 13.30 Uhr.\r\n\r\n<hr class=\"wp-block-separator\" \/>\r\n\r\n<h4><a target=\"_blank\" href=\"https:\/\/ww-sport.de\/mueggelsee_hm\/19-mueggelsee-halbmarathon-impressionen\"class=\"wpz-sc-button  green medium\" style=\"\"><span class=\"wpz-\">Impressionen vom 19. M\u00fcggelsee-Halbmarathon<\/span><\/a><\/h4>\r\n<h4>Auf der Wiese &#8230; am 19. Oktober 2025<\/h4>\r\n<video style=\"border: 1px solid #73bad6;\" src=\"https:\/\/ww-sport.de\/media\/video\/VID_577.mp4\" controls=\"controls\" width=\"100%\" height=\"100%\"><\/video>\r\n\r\n<hr class=\"wp-block-separator\" \/>\r\n\r\n<h4>Halbmarathonstart am 19. Oktober 2025<\/h4>\r\n<video style=\"border: 1px solid #73bad6;\" src=\"https:\/\/ww-sport.de\/media\/video\/VID_549 - Trim.mp4\" controls=\"controls\" width=\"100%\" height=\"100%\"><\/video>\r\n\r\n<hr class=\"wp-block-separator\" \/>\r\n\r\n<h3>Und das k\u00f6nnte Sie auch interessieren:<\/h3>\r\n<span style=\"font-size: 8pt; color: #808080;\">ANZEIGEN<\/span>\r\n\r\n&nbsp;\r\n<div class=\"wp-block-columns\">\r\n<div class=\"wp-block-column\">\r\n<figure class=\"wp-block-image size-full\"><a href=\"https:\/\/ww-sport.de\/mueggelturm_lauf\/\" target=\"_blank\" rel=\"noopener\"><img loading=\"lazy\" decoding=\"async\" class=\"aligncenter wp-image-4234 size-full\" src=\"https:\/\/ww-sport.de\/mueggelsee_hm\/wp-content\/uploads\/2026\/04\/2027_mtl-800x250-1.jpg\" alt=\"12. Lauf Rund um den M\u00fcggelturm. Link zur Webseite.\" width=\"800\" height=\"250\" srcset=\"https:\/\/ww-sport.de\/mueggelsee_hm\/wp-content\/uploads\/2026\/04\/2027_mtl-800x250-1.jpg 800w, https:\/\/ww-sport.de\/mueggelsee_hm\/wp-content\/uploads\/2026\/04\/2027_mtl-800x250-1-300x94.jpg 300w, https:\/\/ww-sport.de\/mueggelsee_hm\/wp-content\/uploads\/2026\/04\/2027_mtl-800x250-1-768x240.jpg 768w, https:\/\/ww-sport.de\/mueggelsee_hm\/wp-content\/uploads\/2026\/04\/2027_mtl-800x250-1-176x55.jpg 176w, https:\/\/ww-sport.de\/mueggelsee_hm\/wp-content\/uploads\/2026\/04\/2027_mtl-800x250-1-580x181.jpg 580w\" sizes=\"auto, (max-width: 800px) 100vw, 800px\" \/><\/a><\/figure>\r\n<\/div>\r\n<div class=\"wp-block-column\"><\/div>\r\n<div class=\"wp-block-column\"><\/div>\r\n<\/div>\r\n&nbsp;\r\n\r\n<\/div>\r\n<\/div>\r\n<!-- \/wp:post-content --><!-- \/wp:freeform -->","protected":false},"excerpt":{"rendered":"<p>Strahlender Sonnenschein, goldener Herbst, Schneegest\u00f6ber, Bl\u00e4tterwirbelwind \u2013 das alles gab es schon bei den zur\u00fcckliegenden Halbmarathons \u201eRund um den M\u00fcggelsee\u201d. Aber das Wetter spielte f\u00fcr die Begeisterung an diesem einzigartigen Lauf \u00fcberhaupt keine Rolle. Die Begeisterung war immer auf 100 Prozent beim Lauf um den und am gr\u00f6\u00dften See von [\u2026] <\/p>\n<div class=\"clear\"><\/div>\n<p><a class=\"more_link clearfix\" href=\"https:\/\/ww-sport.de\/mueggelsee_hm\/\" rel=\"nofollow\">Read More<\/a><\/p>\n","protected":false},"author":1,"featured_media":0,"parent":0,"menu_order":10,"comment_status":"closed","ping_status":"closed","template":"page-templates\/template-home.php","meta":{"footnotes":""},"class_list":["post-4","page","type-page","status-publish","hentry"],"_links":{"self":[{"href":"https:\/\/ww-sport.de\/mueggelsee_hm\/wp-json\/wp\/v2\/pages\/4","targetHints":{"allow":["GET"]}}],"collection":[{"href":"https:\/\/ww-sport.de\/mueggelsee_hm\/wp-json\/wp\/v2\/pages"}],"about":[{"href":"https:\/\/ww-sport.de\/mueggelsee_hm\/wp-json\/wp\/v2\/types\/page"}],"author":[{"embeddable":true,"href":"https:\/\/ww-sport.de\/mueggelsee_hm\/wp-json\/wp\/v2\/users\/1"}],"replies":[{"embeddable":true,"href":"https:\/\/ww-sport.de\/mueggelsee_hm\/wp-json\/wp\/v2\/comments?post=4"}],"version-history":[{"count":478,"href":"https:\/\/ww-sport.de\/mueggelsee_hm\/wp-json\/wp\/v2\/pages\/4\/revisions"}],"predecessor-version":[{"id":4237,"href":"https:\/\/ww-sport.de\/mueggelsee_hm\/wp-json\/wp\/v2\/pages\/4\/revisions\/4237"}],"wp:attachment":[{"href":"https:\/\/ww-sport.de\/mueggelsee_hm\/wp-json\/wp\/v2\/media?parent=4"}],"curies":[{"name":"wp","href":"https:\/\/api.w.org\/{rel}","templated":true}]}}