{"id":57,"date":"2017-01-12T15:07:23","date_gmt":"2017-01-12T14:07:23","guid":{"rendered":"https:\/\/www.laufzeit.de\/mueggelsee_hm\/?page_id=57"},"modified":"2023-12-11T17:12:50","modified_gmt":"2023-12-11T16:12:50","slug":"die-lauf-strecken","status":"publish","type":"page","link":"https:\/\/ww-sport.de\/mueggelsee_hm\/die-lauf-strecken\/","title":{"rendered":"Die Lauf-Strecken"},"content":{"rendered":"\r\n<p>Es sind drei Distanzen im Angebot:<br \/>\u2013 Halbmarathon als Rundkurs komplett um den Gro\u00dfen M\u00fcggelsee<br \/>\u2013 10 Kilometer als Pendelstrecke<br \/>\u2013 5 Kilometer als Pendelstrecke<\/p>\r\n\r\n\r\n<div class=\"wp-block-image\">\r\n<figure class=\"aligncenter\"><a href=\"https:\/\/ww-sport.de\/mueggelsee_hm\/wp-content\/uploads\/2023\/12\/2024-mshm-streckenskizze-quer.jpg\" target=\"_blank\" rel=\"noopener\" data-rel=\"lightbox-image-0\" data-magnific_type=\"image\" data-rl_title=\"\" data-rl_caption=\"\" title=\"\"><img loading=\"lazy\" decoding=\"async\" class=\"aligncenter wp-image-2367\" src=\"https:\/\/ww-sport.de\/mueggelsee_hm\/wp-content\/uploads\/2023\/12\/2024-mshm-streckenskizze-quer-300x212.jpg\" alt=\"\" width=\"800\" height=\"565\" srcset=\"https:\/\/ww-sport.de\/mueggelsee_hm\/wp-content\/uploads\/2023\/12\/2024-mshm-streckenskizze-quer-300x212.jpg 300w, https:\/\/ww-sport.de\/mueggelsee_hm\/wp-content\/uploads\/2023\/12\/2024-mshm-streckenskizze-quer-1024x724.jpg 1024w, https:\/\/ww-sport.de\/mueggelsee_hm\/wp-content\/uploads\/2023\/12\/2024-mshm-streckenskizze-quer-768x543.jpg 768w, https:\/\/ww-sport.de\/mueggelsee_hm\/wp-content\/uploads\/2023\/12\/2024-mshm-streckenskizze-quer-78x55.jpg 78w, https:\/\/ww-sport.de\/mueggelsee_hm\/wp-content\/uploads\/2023\/12\/2024-mshm-streckenskizze-quer-1536x1086.jpg 1536w, https:\/\/ww-sport.de\/mueggelsee_hm\/wp-content\/uploads\/2023\/12\/2024-mshm-streckenskizze-quer-1600x1131.jpg 1600w, https:\/\/ww-sport.de\/mueggelsee_hm\/wp-content\/uploads\/2023\/12\/2024-mshm-streckenskizze-quer-800x565.jpg 800w, https:\/\/ww-sport.de\/mueggelsee_hm\/wp-content\/uploads\/2023\/12\/2024-mshm-streckenskizze-quer-580x410.jpg 580w, https:\/\/ww-sport.de\/mueggelsee_hm\/wp-content\/uploads\/2023\/12\/2024-mshm-streckenskizze-quer.jpg 1920w\" sizes=\"auto, (max-width: 800px) 100vw, 800px\" \/><\/a><\/figure>\r\n<\/div>\r\n\r\n\r\n<p>&nbsp;<\/p>\r\n\r\n\r\n\r\n<h4 class=\"wp-block-heading\">\u00dcber den M\u00fcggelsee<\/h4>\r\n\r\n\r\n\r\n<p>Der M\u00fcggelsee ist mit \u00fcber 7,4\u00a0km\u00b2 Wasserfl\u00e4che der gr\u00f6\u00dfte der Berliner Seen. Zur Abgrenzung von dem mit ihm verbundenen, nur 15 Hektar (0,15\u00a0km\u00b2) gro\u00dfen <i>Kleinen M\u00fcggelsee<\/i> wird er als <i>Gro\u00dfer M\u00fcggelsee<\/i> bezeichnet. Der M\u00fcggelsee geh\u00f6rt zum Berliner Bezirk Treptow-K\u00f6penick und ist aufgeteilt unter dessen Ortsteile K\u00f6penick (gr\u00f6\u00dfter Teil, S\u00fcden), Friedrichshagen (S\u00fcdwesten) und Rahnsdorf (S\u00fcdosten, Kleiner M\u00fcggelsee). Das S\u00fcdufer des Kleinen M\u00fcggelsees bildet die Grenze zum Ortsteil M\u00fcggelheim.<\/p>\r\n\r\n\r\n\r\n<p>Der See und die am S\u00fcdrand gelegenen M\u00fcggelberge, mit 115\u00a0Metern die h\u00f6chsten Berliner Erhebungen, entstanden w\u00e4hrend des Pleistoz\u00e4ns. Auf dem Kleinen M\u00fcggelberg wurde 1961 der vielbesuchte heutige M\u00fcggelturm errichtet, der einen weitreichenden Ausblick \u00fcber den See und die W\u00e4lder bis hin zur Silhouette Berlins bietet.<\/p>\r\n\r\n\r\n\r\n<p>Durch den M\u00fcggelsee flie\u00dft die Spree, die von Gro\u00dfe Tr\u00e4nke, vier Kilometer westlich von F\u00fcrstenwalde, bis K\u00f6penick als <a title=\"M\u00fcggelspree\" href=\"https:\/\/de.wikipedia.org\/wiki\/M%C3%BCggelspree\">M\u00fcggelspree<\/a> bezeichnet wird.<\/p>\r\n\r\n\r\n\r\n<p>(Quelle: Wikipedia)<\/p>\r\n","protected":false},"excerpt":{"rendered":"<p>Es sind drei Distanzen im Angebot:\u2013 Halbmarathon als Rundkurs komplett um den Gro\u00dfen M\u00fcggelsee\u2013 10 Kilometer als Pendelstrecke\u2013 5 Kilometer als Pendelstrecke &nbsp; \u00dcber den M\u00fcggelsee Der M\u00fcggelsee ist mit \u00fcber 7,4\u00a0km\u00b2 Wasserfl\u00e4che der gr\u00f6\u00dfte der Berliner Seen. Zur Abgrenzung von dem mit ihm verbundenen, nur 15 Hektar (0,15\u00a0km\u00b2) gro\u00dfen [\u2026] <\/p>\n<div class=\"clear\"><\/div>\n<p><a class=\"more_link clearfix\" href=\"https:\/\/ww-sport.de\/mueggelsee_hm\/die-lauf-strecken\/\" rel=\"nofollow\">Read More<\/a><\/p>\n","protected":false},"author":1,"featured_media":0,"parent":0,"menu_order":70,"comment_status":"closed","ping_status":"closed","template":"","meta":{"footnotes":""},"class_list":["post-57","page","type-page","status-publish","hentry"],"_links":{"self":[{"href":"https:\/\/ww-sport.de\/mueggelsee_hm\/wp-json\/wp\/v2\/pages\/57","targetHints":{"allow":["GET"]}}],"collection":[{"href":"https:\/\/ww-sport.de\/mueggelsee_hm\/wp-json\/wp\/v2\/pages"}],"about":[{"href":"https:\/\/ww-sport.de\/mueggelsee_hm\/wp-json\/wp\/v2\/types\/page"}],"author":[{"embeddable":true,"href":"https:\/\/ww-sport.de\/mueggelsee_hm\/wp-json\/wp\/v2\/users\/1"}],"replies":[{"embeddable":true,"href":"https:\/\/ww-sport.de\/mueggelsee_hm\/wp-json\/wp\/v2\/comments?post=57"}],"version-history":[{"count":23,"href":"https:\/\/ww-sport.de\/mueggelsee_hm\/wp-json\/wp\/v2\/pages\/57\/revisions"}],"predecessor-version":[{"id":2370,"href":"https:\/\/ww-sport.de\/mueggelsee_hm\/wp-json\/wp\/v2\/pages\/57\/revisions\/2370"}],"wp:attachment":[{"href":"https:\/\/ww-sport.de\/mueggelsee_hm\/wp-json\/wp\/v2\/media?parent=57"}],"curies":[{"name":"wp","href":"https:\/\/api.w.org\/{rel}","templated":true}]}}