{"id":8,"date":"2017-01-11T14:37:04","date_gmt":"2017-01-11T13:37:04","guid":{"rendered":"https:\/\/www.laufzeit.de\/mueggelsee_hm\/?page_id=8"},"modified":"2025-12-23T11:16:31","modified_gmt":"2025-12-23T10:16:31","slug":"anmeldung","status":"publish","type":"page","link":"https:\/\/ww-sport.de\/mueggelsee_hm\/anmeldung\/","title":{"rendered":"Anmeldung zum M\u00fcggelsee-Halbmarathon"},"content":{"rendered":"<p><!--\n\n\n<div style=\"background-color: yellow; color: black; font-size: 1.2em; font-weight: bold; margin: 10px 0 20px; padding: 25px;\"><span style=\"display: inline-block; width: 0px; overflow: hidden; line-height: 0;\" data-mce-type=\"bookmark\" class=\"mce_SELRES_start\"><\/span><span style=\"display: inline-block; width: 0px; overflow: hidden; line-height: 0;\" data-mce-type=\"bookmark\" class=\"mce_SELRES_start\"><\/span>\n<i class=\"fa fa-exclamation-triangle\" aria-hidden=\"true\"><\/i>&nbsp;Die Online-Anmeldung wurde am 10.10.2018 geschlossen.\n\nHier k\u00f6nnen Sie die <a href=\"http:\/\/starter.davengo.com\/?event=5a54aefc9932848a5c9e8337\" target=\"_blank\" rel=\"noopener noreferrer\">Startliste<\/a> einsehen.\n\n<b>Nachmeldungen sind noch m\u00f6glich:<\/b>\nAm 20.10.2018 von 12.30 bis 16.00 Uhr und am 21.10.2018 von 7.30 Uhr bis 9.00 Uhr im Org.-B\u00fcro Hotel am M\u00fcggelsee, links vom Tum an der Schiffsanlegestelle (bitte die Hotelrezeption nicht bel\u00e4stigen!)\n<i class=\"fa fa-exclamation-triangle\" aria-hidden=\"true\"><\/i>&nbsp;Bitte <b>am Samstag<\/b> nachmelden. Am Sonntag k\u00f6nnte es bei gro\u00dfem Andrang zeitlich eng werden!<\/div>\n\n\n--><\/p>\n<h4><b>\u00bb Online-Anmeldung<\/b><\/h4>\n<p>Zur Anmeldeseite des 20. M\u00fcggelsee-Halbmarathons f\u00fcr alle Strecken:<\/p>\n<a target=\"_blank\" href=\"https:\/\/www.davengo.com\/v3\/event\/register\/20-mueggelsee-halbmarathon-2026\/overview\"class=\"wpz-sc-button\" style=\"\"><span class=\"wpz-\">Anmelden f\u00fcr den 20. M\u00fcggelsee-Halbmarathon (davengo)<\/span><\/a>\n<p><!--[button link=\"https:\/\/www.ardmediathek.de\/video\/rbb-um6\/rbb-sportnachrichten\/rbb\/Y3JpZDovL3JiYl83YzUyYTk3My1iNjAxLTQ0MDUtOWYyMS04MzI4NGI3Y2YzZGFfcHVibGljYXRpb24\" color=\"red\" window=\"yes\"]Bericht rbb UM6 (Video verf\u00fcgbar: bis 27.10.2024, 22:59 Uhr)[\/button] --><\/p>\n<h4><b>\u00bb <\/b>Zus\u00e4tzliche Bestelloptionen bei der Anmeldung<\/h4>\n<ul>\n<li>T-Shirt (unisex, Gr\u00f6\u00dfen S bis XXL)<\/li>\n<li>Wunsch-Startnummer in den Nummernkreisen der einzelnen L\u00e4ufe<\/li>\n<li>Schiffbegleittickets f\u00fcr Angeh\u00f6rigen auf der Halbmarathonstrecke.<br \/>\nAbfahrt 10.05 Uhr ab Anlegestelle M\u00fcggelseeperle,<br \/>\n1. Halt: Spreetunnel (km 5,4)<br \/>\n2. und letzter Halt: M\u00fcggelhort (km 18,5).<br \/>\nVon dort R\u00fcckfahrt mit dem Schiff oder Wanderung auf dem Uferweg zum Ziel.<\/li>\n<\/ul>\n<p><strong>Online-Meldeschluss: 30. Oktober 2026.<\/strong><br \/>\n<b>Zahlungseingang<\/b> bis 07.10.2026.<\/p>\n<p>Der Veranstalter beh\u00e4lt sich vor, die Online-Anmeldung vorzeitig zu schlie\u00dfen, wenn das Teilnehmerlimit erreicht ist. Nutzen Sie eine fr\u00fchzeitige Anmeldung und sichern Sie sich so zus\u00e4tzlich einen Fr\u00fchbucherrabatt!<\/p>\n<hr \/>\n<h4>Informationen rund um den Lauf<\/h4>\n<p><b>\u00bb Sta<\/b><b>rt\/Ziel\/Org<\/b><b>.-B\u00fcro:<\/b><br \/>\n\u201eM\u00fcggelseeperle\u201d, M\u00fcggelheimer Damm 145, 12559 Berlin<\/p>\n<hr style=\"border-top: 1px dotted;\" \/>\n<p><b>\u00bb Startzeiten\/Strecken:<\/b><br \/>\n<b>10.00 Uhr<\/b>: 21,1 km (um den M\u00fcggelsee im Uhrzeigersinn), Zielschluss: 13.30 Uhr.<br \/>\n<b>10.20 Uhr<\/b>: 5 km (zum Spreetunnel und zur\u00fcck am S\u00fcdufer).<br \/>\n<b>10.30 Uhr<\/b>: 10 km (zum Spreetunnel und zur\u00fcck bis zum Wendepunkt am S\u00fcdufer).<\/p>\n<hr style=\"border-top: 1px dotted;\" \/>\n<p><b>\u00bb Umkleide\/Gep\u00e4ck:<\/b><br \/>\nZelt im Start\/Ziel-Bereich, Gep\u00e4ckabgabe m\u00f6glich (keine Haftung), Gep\u00e4ckanh\u00e4nger und eine Sicherheitsnadel zum Befestigen befinden sich bei den Startunterlagen.<\/p>\n<hr style=\"border-top: 1px dotted;\" \/>\n<table width=\"100%\" cellspacing=\"15\">\n<tbody>\n<tr>\n<td style=\"width: 905px;\" colspan=\"3\"><b>\u00bb Teilnahmegeb\u00fchren bis 31.12.2025:<\/b><\/td>\n<\/tr>\n<tr>\n<td style=\"height: 25px;\" width=\"33%\">Halbmarathon: 38 EUR<\/td>\n<td style=\"height: 25px;\" width=\"33%\">10-km-Lauf: 28 EUR<\/td>\n<td style=\"height: 25px;\" width=\"33%\">5-km-Lauf: 15 EUR<\/td>\n<\/tr>\n<\/tbody>\n<\/table>\n<hr style=\"border-top: 1px dotted;\" \/>\n<table width=\"100%\" cellspacing=\"15\">\n<tbody>\n<tr>\n<td style=\"width: 905px;\" colspan=\"3\"><b>\u00bb Teilnahmegeb\u00fchren bis 30.04.2026:<\/b><\/td>\n<\/tr>\n<tr>\n<td style=\"height: 25px;\" width=\"33%\">Halbmarathon: 42 EUR<\/td>\n<td style=\"height: 25px;\" width=\"33%\">10-km-Lauf: 32 EUR<\/td>\n<td style=\"height: 25px;\" width=\"33%\">5-km-Lauf: 16 EUR<\/td>\n<\/tr>\n<\/tbody>\n<\/table>\n<hr style=\"border-top: 1px dotted;\" \/>\n<table width=\"100%\" cellspacing=\"15\">\n<tbody>\n<tr style=\"height: 24px;\">\n<td style=\"height: 24px;\" colspan=\"3\"><b>\u00bb Teilnahmegeb\u00fchren bis 30.06.2026<\/b><\/td>\n<\/tr>\n<tr style=\"height: 25px;\">\n<td style=\"height: 25px;\" width=\"33%\">Halbmarathon: 44 EUR<\/td>\n<td style=\"height: 25px;\" width=\"33%\">10-km-Lauf: 34 EUR<\/td>\n<td style=\"height: 25px;\" width=\"33%\">5-km-Lauf: 17 EUR<\/td>\n<\/tr>\n<\/tbody>\n<\/table>\n<hr style=\"border-top: 1px dotted;\" \/>\n<table width=\"100%\" cellspacing=\"15\">\n<tbody>\n<tr>\n<td colspan=\"3\"><b>\u00bb Teilnahmegeb\u00fchren ab 01.07.2026<\/b><\/td>\n<\/tr>\n<tr>\n<td width=\"33%\">Halbmarathon: 47 EUR<\/td>\n<td width=\"33%\">10-km-Lauf: 37 EUR<\/td>\n<td width=\"33%\">5-km-Lauf: 18 EUR<\/td>\n<\/tr>\n<\/tbody>\n<\/table>\n<hr style=\"border-top: 1px dotted;\" \/>\n<p>Bitte beachten: Bei Nichtteilnahme ist gem\u00e4\u00df der AGB <b>keine<\/b> R\u00fcckerstattung der Teilnahmegeb\u00fchren m\u00f6glich!<\/p>\n<hr style=\"border-top: 1px dotted;\" \/>\n<p><b>\u00bb Startnummernausgabe:<\/b><\/p>\n<p><strong>M\u00fcggelseeperle, M\u00fcggelheimer Damm 145, 12559 Berlin<\/strong><br \/>\n\u2013 am 17.10.2026, 12.30 bis 16.00 Uhr<br \/>\n\u2013 am 18.10.2026, ab 07.30 Uhr<\/p>\n<p><strong>Eine Bitte:<\/strong> <span style=\"color: #ff0000;\"><strong>Start-Unterlagen bitte m\u00f6glichst am 17.10.2026 abholen, um gro\u00dfen Andrang am 18.10.2026 zu vermeiden!<\/strong><\/span><\/p>\n<hr style=\"border-top: 1px dotted;\" \/>\n<p><b>\u00bb Nachmeldungen vor Ort <\/b><strong>M\u00fcggelseeperle, M\u00fcggelheimer Damm 145, 12559 Berlin<\/strong><br \/>\n\u2013 nur am 17.10.2026, 12.30 bis 16.00 Uhr<br \/>\n\u2013 <span style=\"color: #ff0000;\"><strong>keine Nachmeldungen am 18.10.2026<\/strong><\/span><br \/>\nNachmeldegeb\u00fchr 3 EUR.<\/p>\n<hr style=\"border-top: 1px dotted;\" \/>\n<p><b>\u00bb <\/b><strong><span style=\"color: #ff0000;\">Alternative zur Buslinie<\/span><\/strong><b> \u2013 Shuttle-Service:<\/b><br \/>\nDer Veranstalter stellt am 18.10.2026 um 8.30 Uhr ab Schiffsanlegestelle Friedrichshagen\/Spreetunnel einen Schiffs-Shuttle (Reederei Kutzker) zum Startort kostenfrei zur Verf\u00fcgung. Dadurch ist die <strong>Anreise auch<\/strong> \u00fcber den <strong>S-Bahnhof Friedrichshage<\/strong>n und mit den <strong>Stra\u00dfenbahnlinien 60 und 61<\/strong> (B\u00f6lschestra\u00dfe) m\u00f6glich.<\/p>\n<hr \/>\n<h3><strong>Haftungsausschluss\/Allg. Gesch\u00e4ftsbedingungen der WW-Sportveranstaltungs GmbH<\/strong><\/h3>\n<p>Mit der Anmeldung zu Lauf\u00a0 bzw. Entgegennahme der Startunterlagen und der Teilnahme am Lauf erkennt die Teilnehmerin bzw. der Teilnehmer den Haftungsausschluss des Veranstalters f\u00fcr Sch\u00e4den jeder Art an. Teinehmer\/innen erkennen an, weder gegen die Veranstalter und Sponsoren des Laufes noch gegen die Stadt Berlin oder deren Vertreter Anspr\u00fcche wegen Sch\u00e4den und Verletzungen jeder Art zu machen, die durch die Teilnahme am Lauf entstehen k\u00f6nnten.<\/p>\n<p>Die Teilnehmer\/innen erkl\u00e4ren, dass sie zum Wettbewerb ausreichend trainiert haben und k\u00f6rperlich gesund sind. Sie erkl\u00e4ren ihr Einverst\u00e4ndnis, dass die der Anmeldung genannten Daten, die im Zusammenhang mit der Teilnahme am Lauf gefertigten Fotos, Filmaufnahmen und Interviews in Rundfunk, Fernsehen, Internet, Werbung, B\u00fcchern, fotomechanischen Vervielf\u00e4ltigungen \u2013 Filme, Videokassetten etc. \u2013 ohne Verg\u00fctungsanspr\u00fcche genutzt werden d\u00fcrfen. Die Teilnehmer\/innen versichern, dass die Angaben zur Person richtig sind und dass die Startnummer an keine andere Person weitergeben wird.<\/p>\n<p>F\u00fcr den Fall der Nichtteilnahme trotz vorheriger Anmeldung und Bezahlung besteht von Seiten des Veranstalters (zwecks Deckung seiner Kosten) keine R\u00fcckzahlungspflicht des Organisationsbeitrages. Das Betrifft auch den Ausfall der Veranstaltung aufgrund Natur- u. a. Katastrophen (h\u00f6here Gewalt), sowie andere Gr\u00fcnde, die der Veranstalter nicht zu verantworten hat.<\/p>\n<p><strong>Hinweise zum Datenschutz:<\/strong> Die pers\u00f6nlichen Daten werden maschinell im Zusammenhang mit der Veranstaltung gespeichert. Die Daten werden vom Veranstalter ausschlie\u00dflich an den Onlinedienstleister Davengo GmbH weitergegeben bzw. vom ihm gem\u00e4\u00df gesetzlicher Berstimmungen gespeichert und gel\u00f6scht.<br \/>\nDer Veranstalter versendet an die Teilnehmer regelm\u00e4\u00dfig informationen zur Veranstaltung per E-Mail, sofern dem nicht nach der Zusendung widersprochen wird.<\/p>\n","protected":false},"excerpt":{"rendered":"<p>\u00bb Online-Anmeldung Zur Anmeldeseite des 20. M\u00fcggelsee-Halbmarathons f\u00fcr alle Strecken: \u00bb Zus\u00e4tzliche Bestelloptionen bei der Anmeldung T-Shirt (unisex, Gr\u00f6\u00dfen S bis XXL) Wunsch-Startnummer in den Nummernkreisen der einzelnen L\u00e4ufe Schiffbegleittickets f\u00fcr Angeh\u00f6rigen auf der Halbmarathonstrecke. Abfahrt 10.05 Uhr ab Anlegestelle M\u00fcggelseeperle, 1. Halt: Spreetunnel (km 5,4) 2. und letzter Halt: [\u2026] <\/p>\n<div class=\"clear\"><\/div>\n<p><a class=\"more_link clearfix\" href=\"https:\/\/ww-sport.de\/mueggelsee_hm\/anmeldung\/\" rel=\"nofollow\">Read More<\/a><\/p>\n","protected":false},"author":1,"featured_media":0,"parent":0,"menu_order":20,"comment_status":"closed","ping_status":"closed","template":"","meta":{"footnotes":""},"class_list":["post-8","page","type-page","status-publish","hentry"],"_links":{"self":[{"href":"https:\/\/ww-sport.de\/mueggelsee_hm\/wp-json\/wp\/v2\/pages\/8","targetHints":{"allow":["GET"]}}],"collection":[{"href":"https:\/\/ww-sport.de\/mueggelsee_hm\/wp-json\/wp\/v2\/pages"}],"about":[{"href":"https:\/\/ww-sport.de\/mueggelsee_hm\/wp-json\/wp\/v2\/types\/page"}],"author":[{"embeddable":true,"href":"https:\/\/ww-sport.de\/mueggelsee_hm\/wp-json\/wp\/v2\/users\/1"}],"replies":[{"embeddable":true,"href":"https:\/\/ww-sport.de\/mueggelsee_hm\/wp-json\/wp\/v2\/comments?post=8"}],"version-history":[{"count":72,"href":"https:\/\/ww-sport.de\/mueggelsee_hm\/wp-json\/wp\/v2\/pages\/8\/revisions"}],"predecessor-version":[{"id":4113,"href":"https:\/\/ww-sport.de\/mueggelsee_hm\/wp-json\/wp\/v2\/pages\/8\/revisions\/4113"}],"wp:attachment":[{"href":"https:\/\/ww-sport.de\/mueggelsee_hm\/wp-json\/wp\/v2\/media?parent=8"}],"curies":[{"name":"wp","href":"https:\/\/api.w.org\/{rel}","templated":true}]}}