{"id":1146,"date":"2024-03-11T20:20:37","date_gmt":"2024-03-11T19:20:37","guid":{"rendered":"https:\/\/ww-sport.de\/mueggelturm-lauf\/?page_id=1146"},"modified":"2024-03-14T19:00:55","modified_gmt":"2024-03-14T18:00:55","slug":"blaetter","status":"publish","type":"page","link":"https:\/\/ww-sport.de\/mueggelturm-lauf\/partner\/blaetter\/","title":{"rendered":"Bl\u00e4tter"},"content":{"rendered":"\n<p>Die \u00bbBl\u00e4tter f\u00fcr deutsche und internationale Politik\u00ab sind <strong>die gr\u00f6\u00dfte politisch-wissenschaftliche Monatszeitschrift<\/strong> im deutschen Sprachraum. Sie erscheinen im Eigenverlag und sind damit vollkommen unabh\u00e4ngig von Unternehmen, Kirchen, Verb\u00e4nden und Parteien. In Zeiten fortschreitender Medienkonzentration garantieren sie so eine lebendige, kritische Berichterstattung.<\/p>\n\n\n<div class=\"wp-block-image\">\n<figure class=\"alignleft size-medium is-resized\"><img loading=\"lazy\" decoding=\"async\" width=\"300\" height=\"300\" src=\"https:\/\/ww-sport.de\/mueggelturm-lauf\/wp-content\/uploads\/palme_e71835_transparent-300x300.png\" alt=\"Logo Bl\u00e4tter f\u00fcr deutsche und internationale Politik\" class=\"wp-image-1147\" style=\"aspect-ratio:1;object-fit:cover;width:200px\" srcset=\"https:\/\/ww-sport.de\/mueggelturm-lauf\/wp-content\/uploads\/palme_e71835_transparent-300x300.png 300w, https:\/\/ww-sport.de\/mueggelturm-lauf\/wp-content\/uploads\/palme_e71835_transparent-150x150.png 150w, https:\/\/ww-sport.de\/mueggelturm-lauf\/wp-content\/uploads\/palme_e71835_transparent-768x768.png 768w, https:\/\/ww-sport.de\/mueggelturm-lauf\/wp-content\/uploads\/palme_e71835_transparent-540x540.png 540w, https:\/\/ww-sport.de\/mueggelturm-lauf\/wp-content\/uploads\/palme_e71835_transparent.png 1000w\" sizes=\"auto, (max-width: 300px) 100vw, 300px\" \/><\/figure>\n<\/div>\n\n\n<p>Die \u00bbBl\u00e4tter\u00ab verstehen sich als Forum f\u00fcr aktuelle politische Diskussionen. Monat f\u00fcr Monat kommentieren und analysieren die \u00bbBl\u00e4tter\u00ab-Autorinnen und -Autoren auf 128 Seiten das politische Geschehen in Deutschland und der Welt <strong>\u2013 jenseits technokratischer Sachzw\u00e4nge und neoliberaler Alternativlosigkeit<\/strong>.<\/p>\n\n\n\n<p>Die \u00bbBl\u00e4tter\u00ab verfolgen dabei <strong>den Anspruch, Wissenschaftlichkeit und politische Intervention zu verbinden<\/strong>: Einerseits liegt der Fokus auf fundierten Beitr\u00e4gen, deren Befunde mit Quellennachweisen belegt sind; andererseits soll jeder Text auch den journalistischen Anspr\u00fcchen guter Lesbarkeit und Verst\u00e4ndlichkeit gen\u00fcgen. <a href=\"https:\/\/www.blaetter.de\/ueber-die-blaetter\" target=\"_blank\" rel=\"noreferrer noopener\">Mehr dazu &gt;&gt;<\/a><\/p>\n\n\n\n<p>Der Verlag stellt f\u00fcr die Podestpl\u00e4tze der Strecken Leseproben aktueller Ausgaben und einen Verlags-Rucksack zur Verf\u00fcgung.<\/p>\n\n\n\n<div class=\"wp-block-buttons is-layout-flex wp-block-buttons-is-layout-flex\">\n<div class=\"wp-block-button has-custom-width wp-block-button__width-50 is-style-outline is-style-outline--1\"><a class=\"wp-block-button__link wp-element-button\" href=\"https:\/\/ww-sport.de\/mueggelturm-lauf\/partner\/\" style=\"border-radius:5px\">Zur\u00fcck zu Partner<\/a><\/div>\n<\/div>\n","protected":false},"excerpt":{"rendered":"<p>Die \u00bbBl\u00e4tter f\u00fcr deutsche und internationale Politik\u00ab sind die gr\u00f6\u00dfte politisch-wissenschaftliche Monatszeitschrift im deutschen Sprachraum. Sie erscheinen im Eigenverlag und sind damit vollkommen unabh\u00e4ngig von Unternehmen, Kirchen, Verb\u00e4nden&hellip;<\/p>\n","protected":false},"author":1,"featured_media":1174,"parent":167,"menu_order":59,"comment_status":"closed","ping_status":"closed","template":"template-full-width.php","meta":{"footnotes":""},"class_list":["post-1146","page","type-page","status-publish","has-post-thumbnail","hentry"],"_links":{"self":[{"href":"https:\/\/ww-sport.de\/mueggelturm-lauf\/wp-json\/wp\/v2\/pages\/1146","targetHints":{"allow":["GET"]}}],"collection":[{"href":"https:\/\/ww-sport.de\/mueggelturm-lauf\/wp-json\/wp\/v2\/pages"}],"about":[{"href":"https:\/\/ww-sport.de\/mueggelturm-lauf\/wp-json\/wp\/v2\/types\/page"}],"author":[{"embeddable":true,"href":"https:\/\/ww-sport.de\/mueggelturm-lauf\/wp-json\/wp\/v2\/users\/1"}],"replies":[{"embeddable":true,"href":"https:\/\/ww-sport.de\/mueggelturm-lauf\/wp-json\/wp\/v2\/comments?post=1146"}],"version-history":[{"count":7,"href":"https:\/\/ww-sport.de\/mueggelturm-lauf\/wp-json\/wp\/v2\/pages\/1146\/revisions"}],"predecessor-version":[{"id":1176,"href":"https:\/\/ww-sport.de\/mueggelturm-lauf\/wp-json\/wp\/v2\/pages\/1146\/revisions\/1176"}],"up":[{"embeddable":true,"href":"https:\/\/ww-sport.de\/mueggelturm-lauf\/wp-json\/wp\/v2\/pages\/167"}],"wp:featuredmedia":[{"embeddable":true,"href":"https:\/\/ww-sport.de\/mueggelturm-lauf\/wp-json\/wp\/v2\/media\/1174"}],"wp:attachment":[{"href":"https:\/\/ww-sport.de\/mueggelturm-lauf\/wp-json\/wp\/v2\/media?parent=1146"}],"curies":[{"name":"wp","href":"https:\/\/api.w.org\/{rel}","templated":true}]}}