{"id":1653,"date":"2026-02-20T19:17:48","date_gmt":"2026-02-20T18:17:48","guid":{"rendered":"https:\/\/ww-sport.de\/mueggelturm-lauf\/?page_id=1653"},"modified":"2026-02-24T09:32:03","modified_gmt":"2026-02-24T08:32:03","slug":"medaillengravur","status":"publish","type":"page","link":"https:\/\/ww-sport.de\/mueggelturm-lauf\/medaillengravur\/","title":{"rendered":"Medaillengravur"},"content":{"rendered":"\n<p>Ab sofort ist es m\u00f6glich, Medaillen des M\u00fcggelturmlaufs und des M\u00fcggelsee-Halbmarathons bis zum Jahr 2020 nachtr\u00e4glich mit dem eingravierten, eigenen Ergebnis zu bestellen. So kann das aussehen (Beispiel der Sieger aus diesem Jahr).<\/p>\n\n\n<div class=\"wp-block-image\">\n<figure data-wp-context=\"{&quot;imageId&quot;:&quot;69e7486130628&quot;}\" data-wp-interactive=\"core\/image\" data-wp-key=\"69e7486130628\" class=\"aligncenter size-medium wp-lightbox-container\"><img loading=\"lazy\" decoding=\"async\" width=\"291\" height=\"300\" data-wp-class--hide=\"state.isContentHidden\" data-wp-class--show=\"state.isContentVisible\" data-wp-init=\"callbacks.setButtonStyles\" data-wp-on--click=\"actions.showLightbox\" data-wp-on--load=\"callbacks.setButtonStyles\" data-wp-on-window--resize=\"callbacks.setButtonStyles\" src=\"https:\/\/ww-sport.de\/mueggelturm-lauf\/wp-content\/uploads\/gravur_muster_mshm_mtl-291x300.jpg\" alt=\"\" class=\"wp-image-1656\" srcset=\"https:\/\/ww-sport.de\/mueggelturm-lauf\/wp-content\/uploads\/gravur_muster_mshm_mtl-291x300.jpg 291w, https:\/\/ww-sport.de\/mueggelturm-lauf\/wp-content\/uploads\/gravur_muster_mshm_mtl-994x1024.jpg 994w, https:\/\/ww-sport.de\/mueggelturm-lauf\/wp-content\/uploads\/gravur_muster_mshm_mtl-768x791.jpg 768w, https:\/\/ww-sport.de\/mueggelturm-lauf\/wp-content\/uploads\/gravur_muster_mshm_mtl-540x556.jpg 540w, https:\/\/ww-sport.de\/mueggelturm-lauf\/wp-content\/uploads\/gravur_muster_mshm_mtl.jpg 1015w\" sizes=\"auto, (max-width: 291px) 100vw, 291px\" \/><button\n\t\t\tclass=\"lightbox-trigger\"\n\t\t\ttype=\"button\"\n\t\t\taria-haspopup=\"dialog\"\n\t\t\taria-label=\"Vergr\u00f6\u00dfern\"\n\t\t\tdata-wp-init=\"callbacks.initTriggerButton\"\n\t\t\tdata-wp-on--click=\"actions.showLightbox\"\n\t\t\tdata-wp-style--right=\"state.imageButtonRight\"\n\t\t\tdata-wp-style--top=\"state.imageButtonTop\"\n\t\t>\n\t\t\t<svg xmlns=\"http:\/\/www.w3.org\/2000\/svg\" width=\"12\" height=\"12\" fill=\"none\" viewBox=\"0 0 12 12\">\n\t\t\t\t<path fill=\"#fff\" d=\"M2 0a2 2 0 0 0-2 2v2h1.5V2a.5.5 0 0 1 .5-.5h2V0H2Zm2 10.5H2a.5.5 0 0 1-.5-.5V8H0v2a2 2 0 0 0 2 2h2v-1.5ZM8 12v-1.5h2a.5.5 0 0 0 .5-.5V8H12v2a2 2 0 0 1-2 2H8Zm2-12a2 2 0 0 1 2 2v2h-1.5V2a.5.5 0 0 0-.5-.5H8V0h2Z\" \/>\n\t\t\t<\/svg>\n\t\t<\/button><\/figure>\n<\/div>\n\n\n<p>Nutzen Sie daf\u00fcr das Bestellformular zum Download und senden Sie es mit der\/den Medaille(n) ein.<\/p>\n\n\n\n<div class=\"wp-block-buttons alignwide is-content-justification-center is-layout-flex wp-container-core-buttons-is-layout-16018d1d wp-block-buttons-is-layout-flex\">\n<div class=\"wp-block-button has-custom-width wp-block-button__width-50 line-height: 30px\"><a class=\"wp-block-button__link has-buttons-background-background-color has-background wp-element-button\" href=\"https:\/\/ww-sport.de\/mueggelsee_hm\/download\/4173\/?tmstv=1771699449\" style=\"border-radius:5px\" target=\"_blank\" rel=\"noreferrer noopener nofollow\">Bestellformular Medaillengravur <strong>\u2197<\/strong><\/a><\/div>\n<\/div>\n\n\n\n<p><\/p>\n","protected":false},"excerpt":{"rendered":"<p>Ab sofort ist es m\u00f6glich, Medaillen des M\u00fcggelturmlaufs und des M\u00fcggelsee-Halbmarathons bis zum Jahr 2020 nachtr\u00e4glich mit dem eingravierten, eigenen Ergebnis zu bestellen. So kann das aussehen (Beispiel&hellip;<\/p>\n","protected":false},"author":1,"featured_media":0,"parent":0,"menu_order":80,"comment_status":"closed","ping_status":"closed","template":"template-full-width.php","meta":{"footnotes":""},"class_list":["post-1653","page","type-page","status-publish","has-post-thumbnail","hentry"],"_links":{"self":[{"href":"https:\/\/ww-sport.de\/mueggelturm-lauf\/wp-json\/wp\/v2\/pages\/1653","targetHints":{"allow":["GET"]}}],"collection":[{"href":"https:\/\/ww-sport.de\/mueggelturm-lauf\/wp-json\/wp\/v2\/pages"}],"about":[{"href":"https:\/\/ww-sport.de\/mueggelturm-lauf\/wp-json\/wp\/v2\/types\/page"}],"author":[{"embeddable":true,"href":"https:\/\/ww-sport.de\/mueggelturm-lauf\/wp-json\/wp\/v2\/users\/1"}],"replies":[{"embeddable":true,"href":"https:\/\/ww-sport.de\/mueggelturm-lauf\/wp-json\/wp\/v2\/comments?post=1653"}],"version-history":[{"count":9,"href":"https:\/\/ww-sport.de\/mueggelturm-lauf\/wp-json\/wp\/v2\/pages\/1653\/revisions"}],"predecessor-version":[{"id":1673,"href":"https:\/\/ww-sport.de\/mueggelturm-lauf\/wp-json\/wp\/v2\/pages\/1653\/revisions\/1673"}],"wp:attachment":[{"href":"https:\/\/ww-sport.de\/mueggelturm-lauf\/wp-json\/wp\/v2\/media?parent=1653"}],"curies":[{"name":"wp","href":"https:\/\/api.w.org\/{rel}","templated":true}]}}