{"id":167,"date":"2020-11-11T16:33:10","date_gmt":"2020-11-11T15:33:10","guid":{"rendered":"https:\/\/ww-sport.de\/mueggelturm-lauf\/?page_id=167"},"modified":"2024-05-21T14:19:43","modified_gmt":"2024-05-21T12:19:43","slug":"partner","status":"publish","type":"page","link":"https:\/\/ww-sport.de\/mueggelturm-lauf\/partner\/","title":{"rendered":"Partner"},"content":{"rendered":"\n<p><span style=\"font-family: verdana, geneva, sans-serif; font-size: 14pt;\">Unsere Partner sind erfahrene \u201eF\u00fcchse\u201d f\u00fcr alles, was so eine Laufveranstaltung ausmacht und Enthusiasten des Laufsports. Mit ihnen sorgen wir f\u00fcr eine solide Organisation plus Wohlf\u00fchlfaktor.<br><\/span><\/p>\n\n\n\n<p><span style=\"font-size: 14pt; font-family: verdana, geneva, sans-serif;\">Vor \u00dcberraschungen, Wetterunbilden oder unp\u00fcnktlichem \u00d6PNV <\/span><span style=\"font-size: 14pt; font-family: verdana, geneva, sans-serif;\">sind allerdings auch die gewieftesten Orga-Leute nicht gefeit.<\/span><\/p>\n\n\n\n<p><span style=\"font-size: 14pt; font-family: verdana, geneva, sans-serif;\">Daher freuen wir uns \u00fcber Anregungen, Hinweise und Kritik zur Verbesserung des Laufes. Und das bitte sehr gern an <a href=\"mailto:info@ww-sport.de\" target=\"_blank\" rel=\"noopener noreferrer\">info@ww-sport.de<\/a>.<\/span><\/p>\n\n\n\n<h3 class=\"wp-block-heading has-text-align-center\"><span style=\"font-family: verdana, geneva, sans-serif;\">Unsere Partner sind<\/span>:<\/h3>\n\n\n\n<div class=\"wp-block-columns are-vertically-aligned-top is-layout-flex wp-container-core-columns-is-layout-9d6595d7 wp-block-columns-is-layout-flex\">\n<div class=\"wp-block-column is-vertically-aligned-top is-layout-flow wp-block-column-is-layout-flow\">\n<figure class=\"wp-block-image size-full\"><a href=\"https:\/\/ww-sport.de\/mueggelturm-lauf\/partner\/orga-leitung\/\"><img loading=\"lazy\" decoding=\"async\" width=\"512\" height=\"380\" src=\"https:\/\/ww-sport.de\/mueggelturm-lauf\/wp-content\/uploads\/ww.png\" alt=\"\" class=\"wp-image-76\" srcset=\"https:\/\/ww-sport.de\/mueggelturm-lauf\/wp-content\/uploads\/ww.png 512w, https:\/\/ww-sport.de\/mueggelturm-lauf\/wp-content\/uploads\/ww-300x223.png 300w\" sizes=\"auto, (max-width: 512px) 100vw, 512px\" \/><\/a><\/figure>\n<\/div>\n\n\n\n<div class=\"wp-block-column is-vertically-aligned-top is-layout-flow wp-block-column-is-layout-flow\">\n<figure class=\"wp-block-image size-full\"><a href=\"https:\/\/ww-sport.de\/mueggelturm-lauf\/partner\/zeitnahme-davengo\/\"><img loading=\"lazy\" decoding=\"async\" width=\"512\" height=\"380\" src=\"https:\/\/ww-sport.de\/mueggelturm-lauf\/wp-content\/uploads\/davengo.jpg\" alt=\"M\u00fcggelturmlauf davengo\" class=\"wp-image-181\" srcset=\"https:\/\/ww-sport.de\/mueggelturm-lauf\/wp-content\/uploads\/davengo.jpg 512w, https:\/\/ww-sport.de\/mueggelturm-lauf\/wp-content\/uploads\/davengo-300x223.jpg 300w\" sizes=\"auto, (max-width: 512px) 100vw, 512px\" \/><\/a><\/figure>\n<\/div>\n<\/div>\n\n\n\n<div class=\"wp-block-columns are-vertically-aligned-top is-layout-flex wp-container-core-columns-is-layout-9d6595d7 wp-block-columns-is-layout-flex\">\n<div class=\"wp-block-column is-vertically-aligned-top is-layout-flow wp-block-column-is-layout-flow\">\n<figure class=\"wp-block-image size-full\"><a href=\"https:\/\/ww-sport.de\/mueggelturm-lauf\/partner\/strandbad-wendenschloss\/\"><img loading=\"lazy\" decoding=\"async\" width=\"512\" height=\"380\" src=\"https:\/\/ww-sport.de\/mueggelturm-lauf\/wp-content\/uploads\/strbad-wendenschloss.png\" alt=\"Strandbad Wendenschloss M\u00fcggelturmlauf\" class=\"wp-image-170\" srcset=\"https:\/\/ww-sport.de\/mueggelturm-lauf\/wp-content\/uploads\/strbad-wendenschloss.png 512w, https:\/\/ww-sport.de\/mueggelturm-lauf\/wp-content\/uploads\/strbad-wendenschloss-300x223.png 300w\" sizes=\"auto, (max-width: 512px) 100vw, 512px\" \/><\/a><\/figure>\n<\/div>\n\n\n\n<div class=\"wp-block-column is-vertically-aligned-top is-layout-flow wp-block-column-is-layout-flow\">\n<figure class=\"wp-block-image size-full\"><a href=\"https:\/\/ww-sport.de\/mueggelturm-lauf\/partner\/webseite\/\"><img loading=\"lazy\" decoding=\"async\" width=\"512\" height=\"380\" src=\"https:\/\/ww-sport.de\/mueggelturm-lauf\/wp-content\/uploads\/mtmedia-1.jpg\" alt=\"\" class=\"wp-image-351\" srcset=\"https:\/\/ww-sport.de\/mueggelturm-lauf\/wp-content\/uploads\/mtmedia-1.jpg 512w, https:\/\/ww-sport.de\/mueggelturm-lauf\/wp-content\/uploads\/mtmedia-1-300x223.jpg 300w, https:\/\/ww-sport.de\/mueggelturm-lauf\/wp-content\/uploads\/mtmedia-1-16x12.jpg 16w\" sizes=\"auto, (max-width: 512px) 100vw, 512px\" \/><\/a><\/figure>\n<\/div>\n<\/div>\n\n\n\n<div class=\"wp-block-columns is-layout-flex wp-container-core-columns-is-layout-9d6595d7 wp-block-columns-is-layout-flex\">\n<div class=\"wp-block-column is-layout-flow wp-block-column-is-layout-flow\"><div class=\"wp-block-image is-style-default\">\n<figure class=\"aligncenter size-full\"><a href=\"https:\/\/ww-sport.de\/mueggelturm-lauf\/partner\/blaetter\/\" target=\"_blank\" rel=\"noreferrer noopener\"><img loading=\"lazy\" decoding=\"async\" width=\"512\" height=\"380\" src=\"https:\/\/ww-sport.de\/mueggelturm-lauf\/wp-content\/uploads\/blaetter.png\" alt=\"Bl\u00e4tter f\u00fcr deutsche und internationale Politik\" class=\"wp-image-1100\" style=\"object-fit:cover\" srcset=\"https:\/\/ww-sport.de\/mueggelturm-lauf\/wp-content\/uploads\/blaetter.png 512w, https:\/\/ww-sport.de\/mueggelturm-lauf\/wp-content\/uploads\/blaetter-300x223.png 300w\" sizes=\"auto, (max-width: 512px) 100vw, 512px\" \/><\/a><\/figure>\n<\/div><\/div>\n\n\n\n<div class=\"wp-block-column is-layout-flow wp-block-column-is-layout-flow\">\n<figure class=\"wp-block-image size-full\"><a href=\"https:\/\/ww-sport.de\/mueggelturm-lauf\/partner\/laufsportmagazin-laufzeit\/\"><img loading=\"lazy\" decoding=\"async\" width=\"512\" height=\"380\" src=\"https:\/\/ww-sport.de\/mueggelturm-lauf\/wp-content\/uploads\/lz.png\" alt=\"Logo Laufmagazin LAUFZEIT\" class=\"wp-image-869\" srcset=\"https:\/\/ww-sport.de\/mueggelturm-lauf\/wp-content\/uploads\/lz.png 512w, https:\/\/ww-sport.de\/mueggelturm-lauf\/wp-content\/uploads\/lz-300x223.png 300w\" sizes=\"auto, (max-width: 512px) 100vw, 512px\" \/><\/a><\/figure>\n<\/div>\n<\/div>\n\n\n\n<div class=\"wp-block-columns is-layout-flex wp-container-core-columns-is-layout-9d6595d7 wp-block-columns-is-layout-flex\">\n<div class=\"wp-block-column is-layout-flow wp-block-column-is-layout-flow\"><div class=\"wp-block-image is-style-default\">\n<figure class=\"aligncenter size-full\"><a href=\"https:\/\/ww-sport.de\/mueggelturm-lauf\/partner\/werder-feinkost-2\/\"><img loading=\"lazy\" decoding=\"async\" width=\"512\" height=\"380\" src=\"https:\/\/ww-sport.de\/mueggelturm-lauf\/wp-content\/uploads\/werder-feinkost.png\" alt=\"Werder Feinkost\" class=\"wp-image-1110\" style=\"object-fit:cover\" srcset=\"https:\/\/ww-sport.de\/mueggelturm-lauf\/wp-content\/uploads\/werder-feinkost.png 512w, https:\/\/ww-sport.de\/mueggelturm-lauf\/wp-content\/uploads\/werder-feinkost-300x223.png 300w\" sizes=\"auto, (max-width: 512px) 100vw, 512px\" \/><\/a><\/figure>\n<\/div><\/div>\n\n\n\n<div class=\"wp-block-column is-layout-flow wp-block-column-is-layout-flow\">\n<figure class=\"wp-block-image size-full\"><a href=\"mailto:m.thiel@ww-sport.de?subject=Anfrage%20Partner%20fuer%20den%20Mueggelturmlauf\" target=\"_blank\" rel=\"noreferrer noopener\"><img loading=\"lazy\" decoding=\"async\" width=\"512\" height=\"380\" src=\"https:\/\/ww-sport.de\/mueggelturm-lauf\/wp-content\/uploads\/frei-fuer-neuen-partner.png\" alt=\"\" class=\"wp-image-1239\" srcset=\"https:\/\/ww-sport.de\/mueggelturm-lauf\/wp-content\/uploads\/frei-fuer-neuen-partner.png 512w, https:\/\/ww-sport.de\/mueggelturm-lauf\/wp-content\/uploads\/frei-fuer-neuen-partner-300x223.png 300w\" sizes=\"auto, (max-width: 512px) 100vw, 512px\" \/><\/a><\/figure>\n<\/div>\n<\/div>\n\n\n\n<div class=\"wp-block-columns is-layout-flex wp-container-core-columns-is-layout-9d6595d7 wp-block-columns-is-layout-flex\">\n<div class=\"wp-block-column is-layout-flow wp-block-column-is-layout-flow\"><\/div>\n\n\n\n<div class=\"wp-block-column is-layout-flow wp-block-column-is-layout-flow\"><\/div>\n<\/div>\n","protected":false},"excerpt":{"rendered":"<p>Unsere Partner sind erfahrene \u201eF\u00fcchse\u201d f\u00fcr alles, was so eine Laufveranstaltung ausmacht und Enthusiasten des Laufsports. Mit ihnen sorgen wir f\u00fcr eine solide Organisation plus Wohlf\u00fchlfaktor. Vor \u00dcberraschungen,&hellip;<\/p>\n","protected":false},"author":1,"featured_media":389,"parent":0,"menu_order":50,"comment_status":"closed","ping_status":"closed","template":"template-full-width.php","meta":{"footnotes":""},"class_list":["post-167","page","type-page","status-publish","has-post-thumbnail","hentry"],"_links":{"self":[{"href":"https:\/\/ww-sport.de\/mueggelturm-lauf\/wp-json\/wp\/v2\/pages\/167","targetHints":{"allow":["GET"]}}],"collection":[{"href":"https:\/\/ww-sport.de\/mueggelturm-lauf\/wp-json\/wp\/v2\/pages"}],"about":[{"href":"https:\/\/ww-sport.de\/mueggelturm-lauf\/wp-json\/wp\/v2\/types\/page"}],"author":[{"embeddable":true,"href":"https:\/\/ww-sport.de\/mueggelturm-lauf\/wp-json\/wp\/v2\/users\/1"}],"replies":[{"embeddable":true,"href":"https:\/\/ww-sport.de\/mueggelturm-lauf\/wp-json\/wp\/v2\/comments?post=167"}],"version-history":[{"count":50,"href":"https:\/\/ww-sport.de\/mueggelturm-lauf\/wp-json\/wp\/v2\/pages\/167\/revisions"}],"predecessor-version":[{"id":1242,"href":"https:\/\/ww-sport.de\/mueggelturm-lauf\/wp-json\/wp\/v2\/pages\/167\/revisions\/1242"}],"wp:featuredmedia":[{"embeddable":true,"href":"https:\/\/ww-sport.de\/mueggelturm-lauf\/wp-json\/wp\/v2\/media\/389"}],"wp:attachment":[{"href":"https:\/\/ww-sport.de\/mueggelturm-lauf\/wp-json\/wp\/v2\/media?parent=167"}],"curies":[{"name":"wp","href":"https:\/\/api.w.org\/{rel}","templated":true}]}}