{"id":169,"date":"2020-11-11T16:35:26","date_gmt":"2020-11-11T15:35:26","guid":{"rendered":"https:\/\/ww-sport.de\/mueggelturm-lauf\/?page_id=169"},"modified":"2024-03-13T09:59:46","modified_gmt":"2024-03-13T08:59:46","slug":"strandbad-wendenschloss","status":"publish","type":"page","link":"https:\/\/ww-sport.de\/mueggelturm-lauf\/partner\/strandbad-wendenschloss\/","title":{"rendered":"Strandbad Wendenschloss"},"content":{"rendered":"<div class=\"wp-block-image size-medium wp-image-263\">\n<figure class=\"alignleft\"><img loading=\"lazy\" decoding=\"async\" width=\"300\" height=\"223\" src=\"https:\/\/ww-sport.de\/mueggelturm-lauf\/wp-content\/uploads\/strbad-wendenschloss-300x223.png\" alt=\"Strandbad Wendenschloss M\u00fcggelturmlauf\" class=\"wp-image-170\" srcset=\"https:\/\/ww-sport.de\/mueggelturm-lauf\/wp-content\/uploads\/strbad-wendenschloss-300x223.png 300w, https:\/\/ww-sport.de\/mueggelturm-lauf\/wp-content\/uploads\/strbad-wendenschloss.png 512w\" sizes=\"auto, (max-width: 300px) 100vw, 300px\" \/><figcaption class=\"wp-element-caption\"><span style=\"font-family: verdana, geneva, sans-serif;\">Screenshot: M. Thiel<\/span><\/figcaption><\/figure>\n<\/div>\n\n\n<p><span style=\"font-family: verdana, geneva, sans-serif; font-size: 14pt;\">Das <a href=\"https:\/\/strandbad-wendenschloss.berlin\/\" target=\"_blank\" rel=\"noopener noreferrer\">Strandbad Wendenschloss<\/a> bietet das gepflegte Ambiente f\u00fcr eine gelungene Laufveranstaltung<\/span> mit allem \u201eDrum und Dran\u201d und ist unsere logistische Basis.<\/p>\n\n\n\n<p><span style=\"font-family: verdana, geneva, sans-serif; font-size: 14pt;\">Dazu geh\u00f6ren ein Biergarten und das Promenadeneck, die zum Schlemmen (nach dem Lauf) einladen. Es gibt eine Vielfalt aus s\u00fc\u00dfen Leckereien und herzhaften K\u00f6stlichkeiten und nat\u00fcrlich frisches Tankbier.<\/span><\/p>\n\n\n\n<p><span style=\"font-family: verdana, geneva, sans-serif; font-size: 14pt;\">Eine gr\u00f6\u00dfere Auswahl an Weinen, Schaumweinen und Aperitifs vollenden einen gelungenen Sommer- und Lauftag bei uns im Strandbad \u2013 genauso wie das Strandcaf\u00e9 Nino!<\/span><\/p>\n\n\n\n<div class=\"wp-block-buttons is-layout-flex wp-block-buttons-is-layout-flex\">\n<div class=\"wp-block-button has-custom-width wp-block-button__width-50 is-style-outline is-style-outline--1\"><a class=\"wp-block-button__link wp-element-button\" href=\"https:\/\/ww-sport.de\/mueggelturm-lauf\/partner\/\" style=\"border-radius:5px\">Zur\u00fcck zu Partner<\/a><\/div>\n<\/div>\n","protected":false},"excerpt":{"rendered":"<p>Das Strandbad Wendenschloss bietet das gepflegte Ambiente f\u00fcr eine gelungene Laufveranstaltung mit allem \u201eDrum und Dran\u201d und ist unsere logistische Basis. Dazu geh\u00f6ren ein Biergarten und das Promenadeneck,&hellip;<\/p>\n","protected":false},"author":1,"featured_media":263,"parent":167,"menu_order":52,"comment_status":"closed","ping_status":"closed","template":"template-full-width.php","meta":{"footnotes":""},"class_list":["post-169","page","type-page","status-publish","has-post-thumbnail","hentry"],"_links":{"self":[{"href":"https:\/\/ww-sport.de\/mueggelturm-lauf\/wp-json\/wp\/v2\/pages\/169","targetHints":{"allow":["GET"]}}],"collection":[{"href":"https:\/\/ww-sport.de\/mueggelturm-lauf\/wp-json\/wp\/v2\/pages"}],"about":[{"href":"https:\/\/ww-sport.de\/mueggelturm-lauf\/wp-json\/wp\/v2\/types\/page"}],"author":[{"embeddable":true,"href":"https:\/\/ww-sport.de\/mueggelturm-lauf\/wp-json\/wp\/v2\/users\/1"}],"replies":[{"embeddable":true,"href":"https:\/\/ww-sport.de\/mueggelturm-lauf\/wp-json\/wp\/v2\/comments?post=169"}],"version-history":[{"count":9,"href":"https:\/\/ww-sport.de\/mueggelturm-lauf\/wp-json\/wp\/v2\/pages\/169\/revisions"}],"predecessor-version":[{"id":1159,"href":"https:\/\/ww-sport.de\/mueggelturm-lauf\/wp-json\/wp\/v2\/pages\/169\/revisions\/1159"}],"up":[{"embeddable":true,"href":"https:\/\/ww-sport.de\/mueggelturm-lauf\/wp-json\/wp\/v2\/pages\/167"}],"wp:featuredmedia":[{"embeddable":true,"href":"https:\/\/ww-sport.de\/mueggelturm-lauf\/wp-json\/wp\/v2\/media\/263"}],"wp:attachment":[{"href":"https:\/\/ww-sport.de\/mueggelturm-lauf\/wp-json\/wp\/v2\/media?parent=169"}],"curies":[{"name":"wp","href":"https:\/\/api.w.org\/{rel}","templated":true}]}}