{"id":172,"date":"2020-11-11T16:38:45","date_gmt":"2020-11-11T15:38:45","guid":{"rendered":"https:\/\/ww-sport.de\/mueggelturm-lauf\/?page_id=172"},"modified":"2023-02-14T18:17:01","modified_gmt":"2023-02-14T17:17:01","slug":"zeitnahme-davengo","status":"publish","type":"page","link":"https:\/\/ww-sport.de\/mueggelturm-lauf\/partner\/zeitnahme-davengo\/","title":{"rendered":"Zeitnahme &#038; mehr: davengo"},"content":{"rendered":"<div class=\"wp-block-image size-medium wp-image-256 is-style-default\">\n<figure class=\"alignleft\"><img loading=\"lazy\" decoding=\"async\" width=\"225\" height=\"300\" src=\"https:\/\/ww-sport.de\/mueggelturm-lauf\/wp-content\/uploads\/2020_mshm_001-225x300.jpg\" alt=\"davengo M\u00fcggelturmlauf\" class=\"wp-image-256\" srcset=\"https:\/\/ww-sport.de\/mueggelturm-lauf\/wp-content\/uploads\/2020_mshm_001-225x300.jpg 225w, https:\/\/ww-sport.de\/mueggelturm-lauf\/wp-content\/uploads\/2020_mshm_001.jpg 750w\" sizes=\"auto, (max-width: 225px) 100vw, 225px\" \/><figcaption class=\"wp-element-caption\">Foto: M. Thiel<\/figcaption><\/figure>\n<\/div>\n\n\n<p><span style=\"font-family: verdana, geneva, sans-serif; font-size: 14pt;\">Das Anmeldeportal davengo ist im Jahre 2002 gestartet und mit \u00fcber einer halben Million registrierten Nutzern eines der meist genutzten Anmeldeportale f\u00fcr Sportveranstaltungen in Deutschland. Inzwischen hat das Unternehmen mehr als drei Millionen Anmeldungen erfolgreich abgewickelt.<\/span><\/p>\n\n\n\n<p>Davengo <span style=\"font-family: verdana, geneva, sans-serif; font-size: 14pt;\">bietet ein sicheres und leistungsf\u00e4higes Online-System zur Erfassung von Anmeldedaten und zur Abwicklung von Zahlungsprozessen.<\/span> Das alles mit Ergebnisservice, Ziel-Einlauf-Video und Sofort-Urkundendruck.<\/p>\n\n\n\n<p>Der passive Einweg-Zeitnahmechip easychip wird einfach in die Schleife eines Laufschuhs eingebunden&nbsp; \u2013 sein Name ist sozusagen Programm. Der nur 1 Gramm leichte Chip ist allwettertauglich und bietet den h\u00f6chsten Tragekomfort.<\/p>\n\n\n<div class=\"wp-block-image\">\n<figure class=\"alignleft size-medium\"><img loading=\"lazy\" decoding=\"async\" width=\"300\" height=\"223\" src=\"https:\/\/ww-sport.de\/mueggelturm-lauf\/wp-content\/uploads\/davengo-300x223.jpg\" alt=\"M\u00fcggelturmlauf davengo\" class=\"wp-image-181\" srcset=\"https:\/\/ww-sport.de\/mueggelturm-lauf\/wp-content\/uploads\/davengo-300x223.jpg 300w, https:\/\/ww-sport.de\/mueggelturm-lauf\/wp-content\/uploads\/davengo.jpg 512w\" sizes=\"auto, (max-width: 300px) 100vw, 300px\" \/><\/figure>\n<\/div>\n\n\n<p>Der easychip und die Startnummer werden in der Regel als eine Einheit ausgeliefert und bei der Startnummernausgabe an die L\u00e4ufer \u00fcbergeben.&nbsp;Eine Perforationslinie erm\u00f6glicht dem Teilnehmer das einfache Trennen der Startnummer vom Tr\u00e4gerstreifen des easychip.&nbsp;<\/p>\n\n\n\n<p><span style=\"font-family: verdana, geneva, sans-serif; font-size: 14pt;\">Und: Hier packen die Gesch\u00e4ftsf\u00fchrer noch selbst mit an!<\/span><\/p>\n\n\n\n<div class=\"wp-block-buttons is-layout-flex wp-block-buttons-is-layout-flex\">\n<div class=\"wp-block-button has-custom-width wp-block-button__width-50 is-style-outline is-style-outline--1\"><a class=\"wp-block-button__link wp-element-button\" href=\"https:\/\/ww-sport.de\/mueggelturm-lauf\/partner\/\" style=\"border-radius:5px\">Zur\u00fcck zu Partner<\/a><\/div>\n<\/div>\n","protected":false},"excerpt":{"rendered":"<p>Das Anmeldeportal davengo ist im Jahre 2002 gestartet und mit \u00fcber einer halben Million registrierten Nutzern eines der meist genutzten Anmeldeportale f\u00fcr Sportveranstaltungen in Deutschland. Inzwischen hat das&hellip;<\/p>\n","protected":false},"author":1,"featured_media":0,"parent":167,"menu_order":54,"comment_status":"closed","ping_status":"closed","template":"template-full-width.php","meta":{"footnotes":""},"class_list":["post-172","page","type-page","status-publish","has-post-thumbnail","hentry"],"_links":{"self":[{"href":"https:\/\/ww-sport.de\/mueggelturm-lauf\/wp-json\/wp\/v2\/pages\/172","targetHints":{"allow":["GET"]}}],"collection":[{"href":"https:\/\/ww-sport.de\/mueggelturm-lauf\/wp-json\/wp\/v2\/pages"}],"about":[{"href":"https:\/\/ww-sport.de\/mueggelturm-lauf\/wp-json\/wp\/v2\/types\/page"}],"author":[{"embeddable":true,"href":"https:\/\/ww-sport.de\/mueggelturm-lauf\/wp-json\/wp\/v2\/users\/1"}],"replies":[{"embeddable":true,"href":"https:\/\/ww-sport.de\/mueggelturm-lauf\/wp-json\/wp\/v2\/comments?post=172"}],"version-history":[{"count":10,"href":"https:\/\/ww-sport.de\/mueggelturm-lauf\/wp-json\/wp\/v2\/pages\/172\/revisions"}],"predecessor-version":[{"id":790,"href":"https:\/\/ww-sport.de\/mueggelturm-lauf\/wp-json\/wp\/v2\/pages\/172\/revisions\/790"}],"up":[{"embeddable":true,"href":"https:\/\/ww-sport.de\/mueggelturm-lauf\/wp-json\/wp\/v2\/pages\/167"}],"wp:attachment":[{"href":"https:\/\/ww-sport.de\/mueggelturm-lauf\/wp-json\/wp\/v2\/media?parent=172"}],"curies":[{"name":"wp","href":"https:\/\/api.w.org\/{rel}","templated":true}]}}