{"id":177,"date":"2020-11-11T16:41:35","date_gmt":"2020-11-11T15:41:35","guid":{"rendered":"https:\/\/ww-sport.de\/mueggelturm-lauf\/?page_id=177"},"modified":"2024-03-13T10:00:19","modified_gmt":"2024-03-13T09:00:19","slug":"webseite","status":"publish","type":"page","link":"https:\/\/ww-sport.de\/mueggelturm-lauf\/partner\/webseite\/","title":{"rendered":"Webseite\/PR"},"content":{"rendered":"<div class=\"wp-block-image size-medium wp-image-259\">\n<figure class=\"alignleft is-resized\"><img loading=\"lazy\" decoding=\"async\" src=\"https:\/\/ww-sport.de\/mueggelturm-lauf\/wp-content\/uploads\/2014_C64-tastatur_SAM_0908-edited.jpg\" alt=\"C64 Tastatur\" class=\"wp-image-794\" width=\"389\" height=\"260\" srcset=\"https:\/\/ww-sport.de\/mueggelturm-lauf\/wp-content\/uploads\/2014_C64-tastatur_SAM_0908-edited.jpg 777w, https:\/\/ww-sport.de\/mueggelturm-lauf\/wp-content\/uploads\/2014_C64-tastatur_SAM_0908-edited-300x201.jpg 300w, https:\/\/ww-sport.de\/mueggelturm-lauf\/wp-content\/uploads\/2014_C64-tastatur_SAM_0908-edited-768x514.jpg 768w, https:\/\/ww-sport.de\/mueggelturm-lauf\/wp-content\/uploads\/2014_C64-tastatur_SAM_0908-edited-540x361.jpg 540w\" sizes=\"auto, (max-width: 389px) 100vw, 389px\" \/><\/figure>\n<\/div>\n\n\n<p><span style=\"font-family: verdana, geneva, sans-serif; font-size: 14pt;\">Die Webseite des M\u00fcggelturmlaufs (und die vieler anderer Kunden) pflegt <a rel=\"noopener noreferrer\" href=\"https:\/\/mtmedia.de\/\" target=\"_blank\">mt.media, Matthias Thiel<\/a>. Die ersten Schritte im World Wide Web ging Matthias 1989 mit einem BASIC-Kurs (kann sich noch jemand erinnern?) und dann am Ende der\u00a0 1990-er Jahre mit dem Aufbau der ersten Internetpr\u00e4senz der Zeitschrift LAUFZEIT.<\/span><\/p>\n\n\n\n<p><span style=\"font-family: verdana, geneva, sans-serif; font-size: 14pt;\">Seitdem ihn Wolfgang Weising 1984 zum Laufen \u201e\u00fcberredet\u201d hatte, stecken nun schon allerhand Kilometer in seinen Beinen &#8230; Dabei kommen fast von allein neue Ideen f\u00fcr SEO-Texte und andere Schm\u00e4ckerchen, die Internet-Nutzer gl\u00fccklich machen (sollen).<br><\/span><\/p>\n\n\n\n<div class=\"wp-block-buttons is-layout-flex wp-block-buttons-is-layout-flex\">\n<div class=\"wp-block-button has-custom-width wp-block-button__width-50 is-style-outline is-style-outline--1\"><a class=\"wp-block-button__link wp-element-button\" href=\"https:\/\/ww-sport.de\/mueggelturm-lauf\/partner\/\" style=\"border-radius:5px\">Zur\u00fcck zu Partner<\/a><\/div>\n<\/div>\n","protected":false},"excerpt":{"rendered":"<p>Die Webseite des M\u00fcggelturmlaufs (und die vieler anderer Kunden) pflegt mt.media, Matthias Thiel. Die ersten Schritte im World Wide Web ging Matthias 1989 mit einem BASIC-Kurs (kann sich&hellip;<\/p>\n","protected":false},"author":1,"featured_media":791,"parent":167,"menu_order":57,"comment_status":"closed","ping_status":"closed","template":"template-full-width.php","meta":{"footnotes":""},"class_list":["post-177","page","type-page","status-publish","has-post-thumbnail","hentry"],"_links":{"self":[{"href":"https:\/\/ww-sport.de\/mueggelturm-lauf\/wp-json\/wp\/v2\/pages\/177","targetHints":{"allow":["GET"]}}],"collection":[{"href":"https:\/\/ww-sport.de\/mueggelturm-lauf\/wp-json\/wp\/v2\/pages"}],"about":[{"href":"https:\/\/ww-sport.de\/mueggelturm-lauf\/wp-json\/wp\/v2\/types\/page"}],"author":[{"embeddable":true,"href":"https:\/\/ww-sport.de\/mueggelturm-lauf\/wp-json\/wp\/v2\/users\/1"}],"replies":[{"embeddable":true,"href":"https:\/\/ww-sport.de\/mueggelturm-lauf\/wp-json\/wp\/v2\/comments?post=177"}],"version-history":[{"count":13,"href":"https:\/\/ww-sport.de\/mueggelturm-lauf\/wp-json\/wp\/v2\/pages\/177\/revisions"}],"predecessor-version":[{"id":798,"href":"https:\/\/ww-sport.de\/mueggelturm-lauf\/wp-json\/wp\/v2\/pages\/177\/revisions\/798"}],"up":[{"embeddable":true,"href":"https:\/\/ww-sport.de\/mueggelturm-lauf\/wp-json\/wp\/v2\/pages\/167"}],"wp:featuredmedia":[{"embeddable":true,"href":"https:\/\/ww-sport.de\/mueggelturm-lauf\/wp-json\/wp\/v2\/media\/791"}],"wp:attachment":[{"href":"https:\/\/ww-sport.de\/mueggelturm-lauf\/wp-json\/wp\/v2\/media?parent=177"}],"curies":[{"name":"wp","href":"https:\/\/api.w.org\/{rel}","templated":true}]}}