{"id":183,"date":"2020-11-11T16:52:28","date_gmt":"2020-11-11T15:52:28","guid":{"rendered":"https:\/\/ww-sport.de\/mueggelturm-lauf\/?page_id=183"},"modified":"2025-05-25T16:17:31","modified_gmt":"2025-05-25T14:17:31","slug":"die-ausschreibung","status":"publish","type":"page","link":"https:\/\/ww-sport.de\/mueggelturm-lauf\/dabei-sein\/die-ausschreibung\/","title":{"rendered":"Die Ausschreibung"},"content":{"rendered":"\n<p>Die <span style=\"font-family: verdana, geneva, sans-serif; font-size: 14pt;\"><a href=\"https:\/\/ww-sport.de\/mueggelturm-lauf\/dabei-sein\/anmelden\/\" data-type=\"page\" data-id=\"39\">Anmeldung<\/a> ist ausschlie\u00dflich online unter davengo.com m\u00f6glich<\/span><span style=\"font-family: verdana, geneva, sans-serif; font-size: 14pt;\">.<\/span><\/p>\n\n\n\n<p><span style=\"font-family: verdana, geneva, sans-serif; font-size: 14pt;\">Die Ausschreibung des M\u00fcggelturmlaufs steht Ihnen hier zum Download zur Verf\u00fcgung:<\/span><\/p>\n\n\n\n<div class=\"wp-block-buttons alignwide is-content-justification-center is-layout-flex wp-container-core-buttons-is-layout-16018d1d wp-block-buttons-is-layout-flex\">\n<div class=\"wp-block-button has-custom-width wp-block-button__width-50\"><a class=\"wp-block-button__link has-accent-background-color has-background wp-element-button\" href=\"https:\/\/ww-sport.de\/mueggelsee_hm\/download\/3165\/?tmstv=1747815835\" target=\"_blank\" rel=\"noreferrer noopener nofollow\"><strong><span style=\"font-family: verdana, geneva, sans-serif; font-size: 14pt;\">Ausschreibung 11. M\u00fcggelturmlauf<\/span>\u2197<\/strong><\/a><\/div>\n<\/div>\n\n\n\n<!--more-->\n\n\n\n<p><span style=\"font-family: verdana, geneva, sans-serif; font-size: 14pt;\">Bitte beachten: Ihr Teilnehmerbeitrag muss bis zum <\/span><\/p>\n\n\n\n<h3 class=\"wp-block-heading has-text-align-center\"><span style=\"font-family: verdana, geneva, sans-serif; font-size: 14pt;\"><strong>16. M\u00e4rz 2026<\/strong> <\/span><\/h3>\n\n\n\n<p>auf dem Konto des Veranstalters <span style=\"font-family: verdana, geneva, sans-serif; font-size: 14pt;\">eingegangen sein.<\/span><\/p>\n","protected":false},"excerpt":{"rendered":"<p>Die Anmeldung ist ausschlie\u00dflich online unter davengo.com m\u00f6glich. Die Ausschreibung des M\u00fcggelturmlaufs steht Ihnen hier zum Download zur Verf\u00fcgung:<\/p>\n","protected":false},"author":1,"featured_media":45,"parent":1016,"menu_order":24,"comment_status":"closed","ping_status":"closed","template":"template-full-width.php","meta":{"footnotes":""},"class_list":["post-183","page","type-page","status-publish","has-post-thumbnail","hentry"],"_links":{"self":[{"href":"https:\/\/ww-sport.de\/mueggelturm-lauf\/wp-json\/wp\/v2\/pages\/183","targetHints":{"allow":["GET"]}}],"collection":[{"href":"https:\/\/ww-sport.de\/mueggelturm-lauf\/wp-json\/wp\/v2\/pages"}],"about":[{"href":"https:\/\/ww-sport.de\/mueggelturm-lauf\/wp-json\/wp\/v2\/types\/page"}],"author":[{"embeddable":true,"href":"https:\/\/ww-sport.de\/mueggelturm-lauf\/wp-json\/wp\/v2\/users\/1"}],"replies":[{"embeddable":true,"href":"https:\/\/ww-sport.de\/mueggelturm-lauf\/wp-json\/wp\/v2\/comments?post=183"}],"version-history":[{"count":31,"href":"https:\/\/ww-sport.de\/mueggelturm-lauf\/wp-json\/wp\/v2\/pages\/183\/revisions"}],"predecessor-version":[{"id":1508,"href":"https:\/\/ww-sport.de\/mueggelturm-lauf\/wp-json\/wp\/v2\/pages\/183\/revisions\/1508"}],"up":[{"embeddable":true,"href":"https:\/\/ww-sport.de\/mueggelturm-lauf\/wp-json\/wp\/v2\/pages\/1016"}],"wp:featuredmedia":[{"embeddable":true,"href":"https:\/\/ww-sport.de\/mueggelturm-lauf\/wp-json\/wp\/v2\/media\/45"}],"wp:attachment":[{"href":"https:\/\/ww-sport.de\/mueggelturm-lauf\/wp-json\/wp\/v2\/media?parent=183"}],"curies":[{"name":"wp","href":"https:\/\/api.w.org\/{rel}","templated":true}]}}