{"id":29,"date":"2020-11-06T09:11:23","date_gmt":"2020-11-06T08:11:23","guid":{"rendered":"https:\/\/ww-sport.de\/mueggelturm-lauf\/?page_id=29"},"modified":"2026-03-23T19:12:32","modified_gmt":"2026-03-23T18:12:32","slug":"startseite","status":"publish","type":"page","link":"https:\/\/ww-sport.de\/mueggelturm-lauf\/","title":{"rendered":"<span style=\"background-color:rgb(0, 0, 0, 0.33);padding:.1em;margin:0.1em;border-radius:.7rem;\">21.03.2027: Der Lauf in den Fr\u00fchling<\/span>"},"content":{"rendered":"\n<div class=\"wp-block-buttons alignwide is-content-justification-center is-layout-flex wp-container-core-buttons-is-layout-16018d1d wp-block-buttons-is-layout-flex\">\n<div class=\"wp-block-button has-custom-width wp-block-button__width-50 line-height: 30px\"><a class=\"wp-block-button__link has-background wp-element-button\" href=\"https:\/\/www.davengo.com\/event\/result\/11-rund-um-den-mueggelturm-der-lauf-in-den-fruehling-2026\/\" style=\"border-radius:5px;background-color:#ff0000\" target=\"_blank\" rel=\"noreferrer noopener nofollow\">Die Ergebnisse vom 22.03.2026<strong>\u2197<\/strong><\/a><\/div>\n<\/div>\n\n\n\n<div class=\"wp-block-buttons alignwide is-content-justification-center is-layout-flex wp-container-core-buttons-is-layout-16018d1d wp-block-buttons-is-layout-flex\">\n<div class=\"wp-block-button has-custom-width wp-block-button__width-50 line-height: 30px\"><a class=\"wp-block-button__link has-buttons-background-background-color has-background wp-element-button\" href=\"https:\/\/ww-sport.de\/mueggelturm-lauf\/fotos\/\" style=\"border-radius:5px\" target=\"_blank\" rel=\"noreferrer noopener nofollow\">&#8230; und hier gehts zu einer 2026-er Fotoauswahl<strong>\u2197<\/strong><\/a><\/div>\n<\/div>\n\n\n\n<p><span style=\"font-family: verdana, geneva, sans-serif; font-size: 14pt;\">Der Lauf \u201eRund um den M\u00fcggelturm\u201d <span style=\"color: #ff0000;\"><strong>am 21. M\u00e4rz 2027<\/strong><\/span> f\u00fchrt nicht nur in den Fr\u00fchling, sondern startet ab 10.00 Uhr auch durch die traumhaft sch\u00f6ne und abwechslungsreiche Natur im K\u00f6penicker Forst \u2013 dem gr\u00f6\u00dften zusammenh\u00e4ngenden Waldgebiet Berlins.<\/span> <span style=\"font-family: verdana, geneva, sans-serif; font-size: 14pt;\">Den meisten Berliner*Innen und ihren G\u00e4sten sind der Gro\u00dfe M\u00fcggelberg, der Teufelssee und nat\u00fcrlich der 1961 neu errichtete M\u00fcggelturm bestens bekannt. Das sieben Quadratkilometer gro\u00dfe Gebiet wird von kilometerlangen Waldwegen durchzogen, die schon Theodor Fontane beeindruckten.<\/span><\/p>\n\n\n\n<p><span style=\"font-family: verdana, geneva, sans-serif; font-size: 14pt;\">Beim M\u00fcggelturm-Lauf kann dort \u00fcber 5 und 10 Kilometer oder \u00fcber die Halbmarathondistanz gelaufen werden.<\/span> Und seit 2023 mit <a href=\"https:\/\/ww-sport.de\/mueggelturm-lauf\/finisher-medaille\/\" target=\"_blank\" rel=\"noreferrer noopener\">Finisher-Medaille<\/a>.<\/p>\n\n\n\n<hr class=\"wp-block-separator has-alpha-channel-opacity\"\/>\n\n\n\n<h2 class=\"wp-block-heading has-text-align-center\">Die Schleife am M\u00fcggelturm 2026<\/h2>\n\n\n\n<figure class=\"wp-block-video\"><video height=\"1080\" style=\"aspect-ratio: 1920 \/ 1080;\" width=\"1920\" controls src=\"https:\/\/ww-sport.de\/mueggelturm-lauf\/wp-content\/uploads\/video\/2026_am_mueggelturm.MP4\"><\/video><\/figure>\n\n\n\n<hr class=\"wp-block-separator has-alpha-channel-opacity\"\/>\n\n\n\n<h2 class=\"wp-block-heading has-text-align-center\">&#8230; eine Erfrischung auf den Weg 2026<\/h2>\n\n\n\n<figure class=\"wp-block-video\"><video height=\"1080\" style=\"aspect-ratio: 1920 \/ 1080;\" width=\"1920\" controls src=\"https:\/\/ww-sport.de\/mueggelturm-lauf\/wp-content\/uploads\/video\/2026_trinken_fassen.mp4\"><\/video><\/figure>\n\n\n\n<hr class=\"wp-block-separator has-alpha-channel-opacity\"\/>\n\n\n\n<h4 class=\"wp-block-heading\">Online-Meldeschluss<\/span>:<\/h4>\n\n\n\n<p><span style=\"font-size: 14pt; font-family: verdana, geneva, sans-serif;\">10. M\u00e4rz 2027 (Zahlungseingang bis 14.03.2027)<\/span><\/p>\n\n\n\n<div class=\"wp-block-columns is-layout-flex wp-container-core-columns-is-layout-9d6595d7 wp-block-columns-is-layout-flex\">\n<div class=\"wp-block-column is-layout-flow wp-block-column-is-layout-flow\" style=\"flex-basis:100%\">\n<div class=\"col-md-offset-2 col-md-8\">\n<div class=\"section-heading\" style=\"font-family: verdana, geneva, sans-serif; font-size: 14pt;\">\n<h4>Startnummernausgabe:<\/h4>\n<p>\u2022 20. M\u00e4rz 2027, 12.30 bis 16.00 Uhr und<br>\u2022 21. M\u00e4rz 2027, ab 7.30 Uhr<br>im Org.-B\u00fcro auf dem Start\/Zielgel\u00e4nde <a style=\"pointer-events: none;\" href=\"https:\/\/www.openstreetmap.org\/#map=18\/52.41555\/13.60011\" target=\"_blank\" rel=\"noopener\" data-wplink-edit=\"true\">Seebad Wendenschloss, M\u00f6llhausenufer 30, 12557 Berlin<\/a>.<\/p>\n<p>Die Nachmeldegeb\u00fchr betr\u00e4gt 3,\u2013 \u20ac.<\/p>\n<p style=\"color:red;\">Nachmeldungen: Nur am 20.03.2027 von 12.30 bis 16.00 Uhr.<\/p> \n<p style=\"font-family: verdana, geneva, sans-serif; font-size: 10pt;\">Foto: Veranstalter.<\/p>\n<\/div>\n<\/div>\n<\/div>\n<\/div>\n\n\n\n<p class=\"has-text-align-left has-headings-color has-text-color has-background has-link-color wp-elements-384f78fe286c188ff8e5777438e22469\" style=\"background-color:#fffbd3\"><strong>Erinnerungen<\/strong> &#8230;<br>Am 21.03.2026 ist die <a href=\"https:\/\/ww-sport.de\/mueggelturm-lauf\/medaillengravur\/\" data-type=\"page\" data-id=\"1653\">Medaillengravur\u2197<\/a> am Startort auf mitgebrachten Medaillen vergangener Jahre (max. zur\u00fcck bis 2020) m\u00f6glich. Geb\u00fchr: 8,\u2013 \u20ac je Medaille.<br>Am 22.03.2026 ist das nur f\u00fcr die aktuelle Medaille bzw. mit sp\u00e4terer Postr\u00fccksendung m\u00f6glich.<\/p>\n\n\n\n<hr class=\"wp-block-separator has-alpha-channel-opacity\"\/>\n\n\n\n<h3 class=\"wp-block-heading\">Partner des Laufs \u201eRund um den M\u00fcggelturm\u201d<\/h3>\n\n\n\n<div class=\"wp-block-columns is-layout-flex wp-container-core-columns-is-layout-9d6595d7 wp-block-columns-is-layout-flex\">\n<div class=\"wp-block-column is-layout-flow wp-block-column-is-layout-flow\"><div class=\"wp-block-image\">\n<figure class=\"aligncenter size-medium\"><a href=\"https:\/\/ww-sport.de\/mueggelturm-lauf\/partner\/strandbad-wendenschloss\/\"><img loading=\"lazy\" decoding=\"async\" width=\"300\" height=\"223\" src=\"https:\/\/ww-sport.de\/mueggelturm-lauf\/wp-content\/uploads\/strbad-wendenschloss-300x223.png\" alt=\"Strandbad Wendenschloss M\u00fcggelturmlauf\" class=\"wp-image-170\" srcset=\"https:\/\/ww-sport.de\/mueggelturm-lauf\/wp-content\/uploads\/strbad-wendenschloss-300x223.png 300w, https:\/\/ww-sport.de\/mueggelturm-lauf\/wp-content\/uploads\/strbad-wendenschloss.png 512w\" sizes=\"auto, (max-width: 300px) 100vw, 300px\" \/><\/a><\/figure>\n<\/div><\/div>\n\n\n\n<div class=\"wp-block-column is-layout-flow wp-block-column-is-layout-flow\"><div class=\"wp-block-image\">\n<figure class=\"aligncenter size-medium\"><a href=\"https:\/\/ww-sport.de\/mueggelturm-lauf\/partner\/zeitnahme-davengo\/\"><img loading=\"lazy\" decoding=\"async\" width=\"300\" height=\"223\" src=\"https:\/\/ww-sport.de\/mueggelturm-lauf\/wp-content\/uploads\/davengo-300x223.jpg\" alt=\"M\u00fcggelturmlauf davengo\" class=\"wp-image-181\" srcset=\"https:\/\/ww-sport.de\/mueggelturm-lauf\/wp-content\/uploads\/davengo-300x223.jpg 300w, https:\/\/ww-sport.de\/mueggelturm-lauf\/wp-content\/uploads\/davengo.jpg 512w\" sizes=\"auto, (max-width: 300px) 100vw, 300px\" \/><\/a><\/figure>\n<\/div><\/div>\n\n\n\n<div class=\"wp-block-column is-layout-flow wp-block-column-is-layout-flow\"><div class=\"wp-block-image\">\n<figure class=\"aligncenter size-medium\"><a href=\"https:\/\/ww-sport.de\/mueggelturm-lauf\/partner\/webseite\/\"><img loading=\"lazy\" decoding=\"async\" width=\"300\" height=\"223\" src=\"https:\/\/ww-sport.de\/mueggelturm-lauf\/wp-content\/uploads\/mtmedia-1-300x223.jpg\" alt=\"\" class=\"wp-image-351\" srcset=\"https:\/\/ww-sport.de\/mueggelturm-lauf\/wp-content\/uploads\/mtmedia-1-300x223.jpg 300w, https:\/\/ww-sport.de\/mueggelturm-lauf\/wp-content\/uploads\/mtmedia-1-16x12.jpg 16w, https:\/\/ww-sport.de\/mueggelturm-lauf\/wp-content\/uploads\/mtmedia-1.jpg 512w\" sizes=\"auto, (max-width: 300px) 100vw, 300px\" \/><\/a><\/figure>\n<\/div><\/div>\n<\/div>\n\n\n\n<div class=\"wp-block-columns is-layout-flex wp-container-core-columns-is-layout-9d6595d7 wp-block-columns-is-layout-flex\">\n<div class=\"wp-block-column is-layout-flow wp-block-column-is-layout-flow\"><div class=\"wp-block-image\">\n<figure class=\"aligncenter size-medium\"><a href=\"https:\/\/ww-sport.de\/mueggelturm-lauf\/partner\/werder-feinkost-2\/\" target=\"_blank\" rel=\"noreferrer noopener\"><img loading=\"lazy\" decoding=\"async\" width=\"300\" height=\"223\" src=\"https:\/\/ww-sport.de\/mueggelturm-lauf\/wp-content\/uploads\/werder-feinkost-300x223.png\" alt=\"Werder Feinkost\" class=\"wp-image-1110\" srcset=\"https:\/\/ww-sport.de\/mueggelturm-lauf\/wp-content\/uploads\/werder-feinkost-300x223.png 300w, https:\/\/ww-sport.de\/mueggelturm-lauf\/wp-content\/uploads\/werder-feinkost.png 512w\" sizes=\"auto, (max-width: 300px) 100vw, 300px\" \/><\/a><\/figure>\n<\/div><\/div>\n\n\n\n<div class=\"wp-block-column is-layout-flow wp-block-column-is-layout-flow\"><div class=\"wp-block-image\">\n<figure class=\"aligncenter size-medium\"><a href=\"https:\/\/ww-sport.de\/mueggelturm-lauf\/partner\/laufsportmagazin-laufzeit\/\"><img loading=\"lazy\" decoding=\"async\" width=\"300\" height=\"223\" src=\"https:\/\/ww-sport.de\/mueggelturm-lauf\/wp-content\/uploads\/lz-300x223.png\" alt=\"Logo Laufmagazin LAUFZEIT\" class=\"wp-image-869\" srcset=\"https:\/\/ww-sport.de\/mueggelturm-lauf\/wp-content\/uploads\/lz-300x223.png 300w, https:\/\/ww-sport.de\/mueggelturm-lauf\/wp-content\/uploads\/lz.png 512w\" sizes=\"auto, (max-width: 300px) 100vw, 300px\" \/><\/a><\/figure>\n<\/div><\/div>\n\n\n\n<div class=\"wp-block-column is-layout-flow wp-block-column-is-layout-flow\"><div class=\"wp-block-image\">\n<figure class=\"aligncenter size-medium\"><a href=\"https:\/\/ww-sport.de\/mueggelsee_hm\/\" target=\"_blank\" rel=\"noreferrer noopener\"><img loading=\"lazy\" decoding=\"async\" width=\"300\" height=\"223\" src=\"https:\/\/ww-sport.de\/mueggelturm-lauf\/wp-content\/uploads\/mshm-partner-veranstaltung-300x223.png\" alt=\"Logo M\u00fcggelsee-Halbmarathon\" class=\"wp-image-996\" srcset=\"https:\/\/ww-sport.de\/mueggelturm-lauf\/wp-content\/uploads\/mshm-partner-veranstaltung-300x223.png 300w, https:\/\/ww-sport.de\/mueggelturm-lauf\/wp-content\/uploads\/mshm-partner-veranstaltung.png 512w\" sizes=\"auto, (max-width: 300px) 100vw, 300px\" \/><\/a><\/figure>\n<\/div><\/div>\n<\/div>\n\n\n\n<hr style=\"color:#101010;\">\n\n\n\n<h2 class=\"wp-block-heading has-text-align-center\">Schon alle Wettk\u00e4mpfe geplant?<\/h2>\n\n\n<div class=\"wp-block-image\">\n<figure class=\"aligncenter size-large is-resized\"><a href=\"https:\/\/ww-sport.de\/mueggelsee_hm\/download\/4094\/\" target=\"_blank\" rel=\"noreferrer noopener\"><img loading=\"lazy\" decoding=\"async\" width=\"719\" height=\"1024\" src=\"https:\/\/ww-sport.de\/mueggelturm-lauf\/wp-content\/uploads\/2026-LKal-BB-ti-web-719x1024.jpg\" alt=\"\" class=\"wp-image-1604\" style=\"width:500px\" srcset=\"https:\/\/ww-sport.de\/mueggelturm-lauf\/wp-content\/uploads\/2026-LKal-BB-ti-web-719x1024.jpg 719w, https:\/\/ww-sport.de\/mueggelturm-lauf\/wp-content\/uploads\/2026-LKal-BB-ti-web-211x300.jpg 211w, https:\/\/ww-sport.de\/mueggelturm-lauf\/wp-content\/uploads\/2026-LKal-BB-ti-web-768x1094.jpg 768w, https:\/\/ww-sport.de\/mueggelturm-lauf\/wp-content\/uploads\/2026-LKal-BB-ti-web-1078x1536.jpg 1078w, https:\/\/ww-sport.de\/mueggelturm-lauf\/wp-content\/uploads\/2026-LKal-BB-ti-web-540x770.jpg 540w, https:\/\/ww-sport.de\/mueggelturm-lauf\/wp-content\/uploads\/2026-LKal-BB-ti-web.jpg 1080w\" sizes=\"auto, (max-width: 719px) 100vw, 719px\" \/><\/a><figcaption class=\"wp-element-caption\">Download als PDF (34 MB) per Klick aufs Bild.<\/figcaption><\/figure>\n<\/div>\n\n\n<hr class=\"wp-block-separator has-alpha-channel-opacity\"\/>\n\n\n\n<div class=\"wp-block-columns alignwide are-vertically-aligned-top is-layout-flex wp-container-core-columns-is-layout-9d6595d7 wp-block-columns-is-layout-flex\">\n<div class=\"wp-block-column is-vertically-aligned-top has-buttons-text-color has-buttons-background-background-color has-text-color has-background has-link-color wp-elements-4b835bc897bfb460a26fa98fb5fd9048 is-layout-flow wp-block-column-is-layout-flow\" style=\"padding-top:2em;padding-right:2em;padding-bottom:2em;padding-left:2em\">\n<h2 class=\"wp-block-heading\" id=\"single\" style=\"font-size:40px\">Strecken<\/h2>\n\n\n\n<p class=\"has-normal-font-size\" style=\"line-height:1.5\"><strong>Finden Sie Ihre Laufdistanz. Mit Karten der Laufstrecken.<\/strong> <\/p>\n\n\n\n<hr class=\"wp-block-separator has-alpha-channel-opacity\"\/>\n\n\n\n<div class=\"wp-block-buttons is-horizontal is-content-justification-center is-layout-flex wp-container-core-buttons-is-layout-499968f5 wp-block-buttons-is-layout-flex\">\n<div class=\"wp-block-button has-custom-width wp-block-button__width-100\"><a class=\"wp-block-button__link has-white-color has-text-color has-background no-border-radius wp-element-button\" href=\"https:\/\/ww-sport.de\/mueggelturm-lauf\/der-lauf\/\" style=\"background-color:#000000\">Zu den Strecken<\/a><\/div>\n<\/div>\n<\/div>\n\n\n\n<div class=\"wp-block-column is-vertically-aligned-top has-buttons-text-color has-buttons-background-background-color has-text-color has-background has-link-color wp-elements-3988c750866dd033924e9bbc86697f43 is-layout-flow wp-block-column-is-layout-flow\" style=\"padding-top:2em;padding-right:2em;padding-bottom:2em;padding-left:2em\">\n<h2 class=\"wp-block-heading has-larger-font-size\" id=\"family\"><strong>Ausschreibung<\/strong><\/h2>\n\n\n\n<h2 class=\"wp-block-heading has-normal-font-size\"><strong>Alle Details und Anmeldewege des Laufs als PDF zum Download.<\/strong><\/h2>\n\n\n\n<hr class=\"wp-block-separator has-alpha-channel-opacity\"\/>\n\n\n\n<div class=\"wp-block-buttons is-horizontal is-content-justification-center is-layout-flex wp-container-core-buttons-is-layout-499968f5 wp-block-buttons-is-layout-flex\">\n<div class=\"wp-block-button has-custom-width wp-block-button__width-100 is-style-fill\"><a class=\"wp-block-button__link has-white-color has-text-color has-background no-border-radius wp-element-button\" href=\"https:\/\/ww-sport.de\/mueggelturm-lauf\/die-ausschreibung\/\" style=\"background-color:#000000\">Zur Ausschreibung<\/a><\/div>\n<\/div>\n<\/div>\n\n\n\n<div class=\"wp-block-column is-vertically-aligned-top has-buttons-text-color has-buttons-background-background-color has-text-color has-background has-link-color wp-elements-667734a9d458cb8da53f16f01eac0cd8 is-layout-flow wp-block-column-is-layout-flow\" style=\"padding-top:2em;padding-right:2em;padding-bottom:2em;padding-left:2em\">\n<h2 class=\"wp-block-heading\" id=\"patron\" style=\"font-size:40px\">Anmelden<\/h2>\n\n\n\n<p class=\"has-normal-font-size\"><strong>Vier verschiedene M\u00f6glichkeiten, sich anzumelden.<\/strong><\/p>\n\n\n\n<hr class=\"wp-block-separator has-alpha-channel-opacity\"\/>\n\n\n\n<div class=\"wp-block-buttons is-horizontal is-content-justification-center is-layout-flex wp-container-core-buttons-is-layout-499968f5 wp-block-buttons-is-layout-flex\">\n<div class=\"wp-block-button has-custom-width wp-block-button__width-100\"><a class=\"wp-block-button__link has-white-color has-text-color has-background no-border-radius wp-element-button\" href=\"https:\/\/ww-sport.de\/mueggelturm-lauf\/anmelden\/\" style=\"background-color:#000000\">Zur Detailseite<\/a><\/div>\n<\/div>\n<\/div>\n<\/div>\n\n\n\n<div class=\"wp-block-columns alignwide is-layout-flex wp-container-core-columns-is-layout-9d6595d7 wp-block-columns-is-layout-flex\">\n<div class=\"wp-block-column has-buttons-text-color has-buttons-background-background-color has-text-color has-background has-link-color wp-elements-b3542948b155aec308e78eb98d4bee5c is-layout-flow wp-block-column-is-layout-flow\" style=\"padding-top:2em;padding-right:2em;padding-bottom:2em;padding-left:2em\">\n<h2 class=\"wp-block-heading\" id=\"single\" style=\"font-size:40px\">Partner<\/h2>\n\n\n\n<p class=\"has-normal-font-size\" style=\"line-height:1.5\"><strong>Unsere Partner sind erfahrene \u201eF\u00fcchse\u201d f\u00fcr Laufveranstaltungen.<\/strong> <\/p>\n\n\n\n<hr class=\"wp-block-separator has-alpha-channel-opacity\"\/>\n\n\n\n<div class=\"wp-block-buttons is-horizontal is-content-justification-center is-layout-flex wp-container-core-buttons-is-layout-499968f5 wp-block-buttons-is-layout-flex\">\n<div class=\"wp-block-button has-custom-width wp-block-button__width-100\"><a class=\"wp-block-button__link has-white-color has-text-color has-background no-border-radius wp-element-button\" href=\"https:\/\/ww-sport.de\/mueggelturm-lauf\/partner\/\" style=\"background-color:#000000\">Zu den Partnern<\/a><\/div>\n<\/div>\n<\/div>\n\n\n\n<div class=\"wp-block-column has-buttons-text-color has-buttons-background-background-color has-text-color has-background has-link-color wp-elements-61573ab483639fe73d24d34d623e004f is-layout-flow wp-block-column-is-layout-flow\" style=\"padding-top:2em;padding-right:2em;padding-bottom:2em;padding-left:2em\">\n<h2 class=\"wp-block-heading\" id=\"family\" style=\"font-size:40px\">Anreise<\/h2>\n\n\n\n<p class=\"has-normal-font-size\" style=\"line-height:1.5\"><strong>Mit verschiedenen Verkehrsmitteln zum Event.<\/strong><\/p>\n\n\n\n<hr class=\"wp-block-separator has-alpha-channel-opacity\"\/>\n\n\n\n<div class=\"wp-block-buttons is-horizontal is-content-justification-center is-layout-flex wp-container-core-buttons-is-layout-499968f5 wp-block-buttons-is-layout-flex\">\n<div class=\"wp-block-button has-custom-width wp-block-button__width-100 is-style-fill\"><a class=\"wp-block-button__link has-white-color has-text-color has-background no-border-radius wp-element-button\" href=\"https:\/\/ww-sport.de\/mueggelturm-lauf\/anreise\/\" style=\"background-color:#000000\">Zur Anreise<\/a><\/div>\n<\/div>\n<\/div>\n\n\n\n<div class=\"wp-block-column has-buttons-text-color has-buttons-background-background-color has-text-color has-background has-link-color wp-elements-9f06ffaba0fc4440a285f11a961dd574 is-layout-flow wp-block-column-is-layout-flow\" style=\"padding-top:2em;padding-right:2em;padding-bottom:2em;padding-left:2em\">\n<h2 class=\"wp-block-heading\" id=\"patron\" style=\"font-size:40px\">Kontakt<\/h2>\n\n\n\n<p><strong>per E-Mail <\/strong><br><strong>zur WW-Sportveranstaltungs GmbH<br><\/strong><\/p>\n\n\n\n<hr class=\"wp-block-separator has-alpha-channel-opacity\"\/>\n\n\n\n<div class=\"wp-block-buttons is-horizontal is-content-justification-center is-layout-flex wp-container-core-buttons-is-layout-499968f5 wp-block-buttons-is-layout-flex\">\n<div class=\"wp-block-button has-custom-width wp-block-button__width-100\"><a class=\"wp-block-button__link has-white-color has-text-color has-background no-border-radius wp-element-button\" href=\"mailto:anmeldung@mueggelturm-lauf.de?subject=Nachricht%20von%20MTL-Webseite&amp;body=Hallo%20MTL-Team,\" style=\"background-color:#000000\" target=\"_blank\" rel=\"noreferrer noopener\">E-Mail senden<\/a><\/div>\n<\/div>\n<\/div>\n<\/div>\n","protected":false},"excerpt":{"rendered":"<p style=\"background-color:rgb(0, 0, 0, 0.33);padding:1em;margin:0.25em;border-radius:.7rem;\">Der Lauf \u201eRund um den M\u00fcggelturm\u201d f\u00fchrt nicht nur in den Fr\u00fchling, sondern auch durch die traumhaft sch\u00f6ne Natur im K\u00f6penicker Forst \u2013 dem gr\u00f6\u00dften zusammenh\u00e4ngenden Waldgebiet Berlins.<\/p>\n","protected":false},"author":1,"featured_media":1480,"parent":0,"menu_order":10,"comment_status":"closed","ping_status":"closed","template":"template-full-width-cover.php","meta":{"footnotes":""},"class_list":["post-29","page","type-page","status-publish","has-post-thumbnail","hentry"],"_links":{"self":[{"href":"https:\/\/ww-sport.de\/mueggelturm-lauf\/wp-json\/wp\/v2\/pages\/29","targetHints":{"allow":["GET"]}}],"collection":[{"href":"https:\/\/ww-sport.de\/mueggelturm-lauf\/wp-json\/wp\/v2\/pages"}],"about":[{"href":"https:\/\/ww-sport.de\/mueggelturm-lauf\/wp-json\/wp\/v2\/types\/page"}],"author":[{"embeddable":true,"href":"https:\/\/ww-sport.de\/mueggelturm-lauf\/wp-json\/wp\/v2\/users\/1"}],"replies":[{"embeddable":true,"href":"https:\/\/ww-sport.de\/mueggelturm-lauf\/wp-json\/wp\/v2\/comments?post=29"}],"version-history":[{"count":253,"href":"https:\/\/ww-sport.de\/mueggelturm-lauf\/wp-json\/wp\/v2\/pages\/29\/revisions"}],"predecessor-version":[{"id":1939,"href":"https:\/\/ww-sport.de\/mueggelturm-lauf\/wp-json\/wp\/v2\/pages\/29\/revisions\/1939"}],"wp:featuredmedia":[{"embeddable":true,"href":"https:\/\/ww-sport.de\/mueggelturm-lauf\/wp-json\/wp\/v2\/media\/1480"}],"wp:attachment":[{"href":"https:\/\/ww-sport.de\/mueggelturm-lauf\/wp-json\/wp\/v2\/media?parent=29"}],"curies":[{"name":"wp","href":"https:\/\/api.w.org\/{rel}","templated":true}]}}