{"id":36,"date":"2020-11-06T09:41:59","date_gmt":"2020-11-06T08:41:59","guid":{"rendered":"https:\/\/ww-sport.de\/mueggelturm-lauf\/?page_id=36"},"modified":"2024-05-21T14:08:35","modified_gmt":"2024-05-21T12:08:35","slug":"der-lauf","status":"publish","type":"page","link":"https:\/\/ww-sport.de\/mueggelturm-lauf\/dabei-sein\/der-lauf\/","title":{"rendered":"Strecken mit Karten"},"content":{"rendered":"\n<p class=\"has-text-align-left\"><span style=\"font-family: verdana, geneva, sans-serif; font-size: 14pt;\">Es k\u00f6nnen folgende <strong>Distanzen<\/strong> gelaufen werden: <\/span><\/p>\n\n\n\n<ul class=\"wp-block-list\">\n<li><span style=\"font-family: verdana, geneva, sans-serif; font-size: 14pt;\">Halbmarathon <\/span><\/li>\n\n\n\n<li>10 Kilometer<\/li>\n\n\n\n<li><span style=\"font-family: verdana, geneva, sans-serif; font-size: 14pt;\"><span style=\"font-family: verdana, geneva, sans-serif; font-size: 14pt;\">5 Kilometer <\/span><\/span><\/li>\n<\/ul>\n\n\n\n<p><span style=\"font-family: verdana, geneva, sans-serif; font-size: 14pt;\">Alle drei Runden sind reine Waldstrecken mit Rundkursen s\u00fcdlich an den M\u00fcggelbergen und entlang des Wanderweges an der Dahme. Die gemeinsame erste Runde von Halbmarathon und 10-km-Lauf f\u00fchrt zum Hochplateau am Fu\u00dfe des M\u00fcggelturms und weiter \u00fcber den Kammweg zum Wanderweg an der Dahme. Die drei Karten illustrieren den Verlauf der drei Laufangebote.<\/span><\/p>\n\n\n\n<p>Der <span style=\"font-family: verdana, geneva, sans-serif; font-size: 14pt;\"><strong>Start- und Zielort<\/strong> ist f\u00fcr alle Strecken identisch: das Seebad Wendenschloss, M\u00f6llhausenufer 30, 12557 Berlin.<\/span><\/p>\n\n\n\n<p><span style=\"font-family: verdana, geneva, sans-serif; font-size: 14pt;\">Die <strong>Startzeiten<\/strong> sind f\u00fcr 21,1 und 10 km um 10.00 Uhr, Zielschluss: 13.25 Uhr und f\u00fcr 5 km um 10.20 Uhr.<\/span><\/p>\n\n\n\n<p><span style=\"font-family: verdana, geneva, sans-serif; font-size: 14pt;\">Dort werden auch die <strong>Startunterlagen<\/strong> ausgegeben: Samstag von 12.30 bis 16.00 Uhr und am Sonnatg vor dem Start ab 7.30 Uhr.<\/span><\/p>\n\n\n\n<h2 class=\"wp-block-heading has-text-align-center\"><span style=\"font-family: verdana, geneva, sans-serif;\">Halbmarathon 1. Runde und 10-km-Strecke<\/span><\/h2>\n\n\n\n<figure class=\"wp-block-image size-full\"><a href=\"https:\/\/ww-sport.de\/mueggelturm-lauf\/wp-content\/uploads\/10-km-hm-erste-runde-1080px.jpg\" data-rel=\"lightbox-image-0\" data-magnific_type=\"image\" data-rl_title=\"\" data-rl_caption=\"\"><img loading=\"lazy\" decoding=\"async\" width=\"1080\" height=\"744\" src=\"https:\/\/ww-sport.de\/mueggelturm-lauf\/wp-content\/uploads\/10-km-hm-erste-runde-1080px.jpg\" alt=\"M\u00fcggelturmlauf: 10-km-Strecke und 1. Runde Halbmarathon\" class=\"wp-image-746\" title=\"\" srcset=\"https:\/\/ww-sport.de\/mueggelturm-lauf\/wp-content\/uploads\/10-km-hm-erste-runde-1080px.jpg 1080w, https:\/\/ww-sport.de\/mueggelturm-lauf\/wp-content\/uploads\/10-km-hm-erste-runde-1080px-300x207.jpg 300w, https:\/\/ww-sport.de\/mueggelturm-lauf\/wp-content\/uploads\/10-km-hm-erste-runde-1080px-1024x705.jpg 1024w, https:\/\/ww-sport.de\/mueggelturm-lauf\/wp-content\/uploads\/10-km-hm-erste-runde-1080px-768x529.jpg 768w, https:\/\/ww-sport.de\/mueggelturm-lauf\/wp-content\/uploads\/10-km-hm-erste-runde-1080px-540x372.jpg 540w\" sizes=\"auto, (max-width: 1080px) 100vw, 1080px\" \/><\/a><\/figure>\n\n\n\n<hr class=\"wp-block-separator has-alpha-channel-opacity\"\/>\n\n\n\n<h2 class=\"wp-block-heading has-text-align-center\">2. Runde Halbmarathon<\/h2>\n\n\n\n<figure class=\"wp-block-image size-full\"><a href=\"https:\/\/ww-sport.de\/mueggelturm-lauf\/wp-content\/uploads\/hm-zweite-runde-1080px.jpg\" data-rel=\"lightbox-image-1\" data-magnific_type=\"image\" data-rl_title=\"\" data-rl_caption=\"\" title=\"\"><img loading=\"lazy\" decoding=\"async\" width=\"1080\" height=\"719\" src=\"https:\/\/ww-sport.de\/mueggelturm-lauf\/wp-content\/uploads\/hm-zweite-runde-1080px.jpg\" alt=\"M\u00fcggelturmlauf: Halbmarathon 2. Runde\" class=\"wp-image-744\" srcset=\"https:\/\/ww-sport.de\/mueggelturm-lauf\/wp-content\/uploads\/hm-zweite-runde-1080px.jpg 1080w, https:\/\/ww-sport.de\/mueggelturm-lauf\/wp-content\/uploads\/hm-zweite-runde-1080px-300x200.jpg 300w, https:\/\/ww-sport.de\/mueggelturm-lauf\/wp-content\/uploads\/hm-zweite-runde-1080px-1024x682.jpg 1024w, https:\/\/ww-sport.de\/mueggelturm-lauf\/wp-content\/uploads\/hm-zweite-runde-1080px-768x511.jpg 768w, https:\/\/ww-sport.de\/mueggelturm-lauf\/wp-content\/uploads\/hm-zweite-runde-1080px-540x360.jpg 540w\" sizes=\"auto, (max-width: 1080px) 100vw, 1080px\" \/><\/a><\/figure>\n\n\n\n<hr class=\"wp-block-separator has-alpha-channel-opacity\"\/>\n\n\n\n<h2 class=\"wp-block-heading has-text-align-center\"><span style=\"font-family: verdana, geneva, sans-serif;\">5-Kilometer-Lauf<\/span><\/h2>\n\n\n\n<figure class=\"wp-block-image size-full is-style-default\"><a href=\"https:\/\/ww-sport.de\/mueggelturm-lauf\/wp-content\/uploads\/5-km-runde-1080px.jpg\" data-rel=\"lightbox-image-2\" data-magnific_type=\"image\" data-rl_title=\"\" data-rl_caption=\"\" title=\"\"><img loading=\"lazy\" decoding=\"async\" width=\"1080\" height=\"599\" src=\"https:\/\/ww-sport.de\/mueggelturm-lauf\/wp-content\/uploads\/5-km-runde-1080px.jpg\" alt=\"M\u00fcggelturmlauf: 5-km-Strecke\" class=\"wp-image-745\" srcset=\"https:\/\/ww-sport.de\/mueggelturm-lauf\/wp-content\/uploads\/5-km-runde-1080px.jpg 1080w, https:\/\/ww-sport.de\/mueggelturm-lauf\/wp-content\/uploads\/5-km-runde-1080px-300x166.jpg 300w, https:\/\/ww-sport.de\/mueggelturm-lauf\/wp-content\/uploads\/5-km-runde-1080px-1024x568.jpg 1024w, https:\/\/ww-sport.de\/mueggelturm-lauf\/wp-content\/uploads\/5-km-runde-1080px-768x426.jpg 768w, https:\/\/ww-sport.de\/mueggelturm-lauf\/wp-content\/uploads\/5-km-runde-1080px-540x300.jpg 540w\" sizes=\"auto, (max-width: 1080px) 100vw, 1080px\" \/><\/a><\/figure>\n\n\n\n<p><span style=\"font-family: verdana, geneva, sans-serif; font-size: 14pt;\">Alle Strecken sind ausgeschildert und durch Streckenposten gesichert.<\/span> (Karten: WW)<\/p>\n","protected":false},"excerpt":{"rendered":"<p>Es k\u00f6nnen folgende Distanzen gelaufen werden: Alle drei Runden sind reine Waldstrecken mit Rundkursen s\u00fcdlich an den M\u00fcggelbergen und entlang des Wanderweges an der Dahme. Die gemeinsame erste&hellip;<\/p>\n","protected":false},"author":1,"featured_media":45,"parent":1016,"menu_order":22,"comment_status":"closed","ping_status":"closed","template":"template-full-width.php","meta":{"footnotes":""},"class_list":["post-36","page","type-page","status-publish","has-post-thumbnail","hentry"],"_links":{"self":[{"href":"https:\/\/ww-sport.de\/mueggelturm-lauf\/wp-json\/wp\/v2\/pages\/36","targetHints":{"allow":["GET"]}}],"collection":[{"href":"https:\/\/ww-sport.de\/mueggelturm-lauf\/wp-json\/wp\/v2\/pages"}],"about":[{"href":"https:\/\/ww-sport.de\/mueggelturm-lauf\/wp-json\/wp\/v2\/types\/page"}],"author":[{"embeddable":true,"href":"https:\/\/ww-sport.de\/mueggelturm-lauf\/wp-json\/wp\/v2\/users\/1"}],"replies":[{"embeddable":true,"href":"https:\/\/ww-sport.de\/mueggelturm-lauf\/wp-json\/wp\/v2\/comments?post=36"}],"version-history":[{"count":30,"href":"https:\/\/ww-sport.de\/mueggelturm-lauf\/wp-json\/wp\/v2\/pages\/36\/revisions"}],"predecessor-version":[{"id":1237,"href":"https:\/\/ww-sport.de\/mueggelturm-lauf\/wp-json\/wp\/v2\/pages\/36\/revisions\/1237"}],"up":[{"embeddable":true,"href":"https:\/\/ww-sport.de\/mueggelturm-lauf\/wp-json\/wp\/v2\/pages\/1016"}],"wp:featuredmedia":[{"embeddable":true,"href":"https:\/\/ww-sport.de\/mueggelturm-lauf\/wp-json\/wp\/v2\/media\/45"}],"wp:attachment":[{"href":"https:\/\/ww-sport.de\/mueggelturm-lauf\/wp-json\/wp\/v2\/media?parent=36"}],"curies":[{"name":"wp","href":"https:\/\/api.w.org\/{rel}","templated":true}]}}