{"id":55,"date":"2020-11-06T09:49:15","date_gmt":"2020-11-06T08:49:15","guid":{"rendered":"https:\/\/ww-sport.de\/mueggelturm-lauf\/?page_id=55"},"modified":"2025-08-04T16:18:12","modified_gmt":"2025-08-04T14:18:12","slug":"impressum","status":"publish","type":"page","link":"https:\/\/ww-sport.de\/mueggelturm-lauf\/impressum\/","title":{"rendered":"Impressum"},"content":{"rendered":"<p>WW-Sportveranstaltungs GmbH<br \/>\nM\u00fcggelschl\u00f6\u00dfchenweg 38\/1806<br \/>\n12559 Berlin<\/p>\n<p>Handelsregister: HRB 34402<br \/>\nRegistergericht: Berlin-Charlottenburg<\/p>\n<p><strong>Vertreten durch:<\/strong><br \/>\nWolfgang Weising<\/p>\n<h2>Kontakt<\/h2>\n<p>Telefon: 030\/857 148 62<br \/>\nTelefax: 030\/857 148 63<br \/>\nE-Mail: info@ww-sport.de<\/p>\n<h2>Umsatzsteuer-ID<\/h2>\n<p>Umsatzsteuer-Identifikationsnummer gem\u00e4\u00df \u00a7 27 a Umsatzsteuergesetz:<br \/>\nDE137193785<\/p>\n<h2>Redaktionell verantwortlich<\/h2>\n<p>Wolfgang Weising<br \/>\nM\u00fcggelschl\u00f6\u00dfchenweg 38<br \/>\n12559 Berlin<\/p>\n<h2>Verbraucher\u00adstreit\u00adbeilegung\/Universal\u00adschlichtungs\u00adstelle<\/h2>\n<p>Wir sind nicht bereit oder verpflichtet, an Streitbeilegungsverfahren vor einer Verbraucherschlichtungsstelle teilzunehmen.<\/p>\n<p><span style=\"font-family: verdana, geneva, sans-serif; font-size: 14pt;\"><b>Fotos:<\/b> Archiv LZ, WW privat, M. Thiel (mt.media)<br \/>\n<\/span><\/p>\n<p><span style=\"font-family: verdana, geneva, sans-serif; font-size: 14pt;\"><b>Gestaltung &amp; technische Umsetzung:<\/b> <a href=\"https:\/\/www.mtmedia.de\" target=\"_blank\" rel=\"noopener noreferrer\">www.mtmedia.de<\/a>, 10179 Berlin<\/span><\/p>\n","protected":false},"excerpt":{"rendered":"<p>WW-Sportveranstaltungs GmbH M\u00fcggelschl\u00f6\u00dfchenweg 38\/1806 12559 Berlin Handelsregister: HRB 34402 Registergericht: Berlin-Charlottenburg Vertreten durch: Wolfgang Weising Kontakt Telefon: 030\/857 148 62 Telefax: 030\/857 148 63 E-Mail: info@ww-sport.de Umsatzsteuer-ID Umsatzsteuer-Identifikationsnummer&hellip;<\/p>\n","protected":false},"author":1,"featured_media":56,"parent":0,"menu_order":100,"comment_status":"closed","ping_status":"closed","template":"template-full-width.php","meta":{"footnotes":""},"class_list":["post-55","page","type-page","status-publish","has-post-thumbnail","hentry"],"_links":{"self":[{"href":"https:\/\/ww-sport.de\/mueggelturm-lauf\/wp-json\/wp\/v2\/pages\/55","targetHints":{"allow":["GET"]}}],"collection":[{"href":"https:\/\/ww-sport.de\/mueggelturm-lauf\/wp-json\/wp\/v2\/pages"}],"about":[{"href":"https:\/\/ww-sport.de\/mueggelturm-lauf\/wp-json\/wp\/v2\/types\/page"}],"author":[{"embeddable":true,"href":"https:\/\/ww-sport.de\/mueggelturm-lauf\/wp-json\/wp\/v2\/users\/1"}],"replies":[{"embeddable":true,"href":"https:\/\/ww-sport.de\/mueggelturm-lauf\/wp-json\/wp\/v2\/comments?post=55"}],"version-history":[{"count":9,"href":"https:\/\/ww-sport.de\/mueggelturm-lauf\/wp-json\/wp\/v2\/pages\/55\/revisions"}],"predecessor-version":[{"id":1564,"href":"https:\/\/ww-sport.de\/mueggelturm-lauf\/wp-json\/wp\/v2\/pages\/55\/revisions\/1564"}],"wp:featuredmedia":[{"embeddable":true,"href":"https:\/\/ww-sport.de\/mueggelturm-lauf\/wp-json\/wp\/v2\/media\/56"}],"wp:attachment":[{"href":"https:\/\/ww-sport.de\/mueggelturm-lauf\/wp-json\/wp\/v2\/media?parent=55"}],"curies":[{"name":"wp","href":"https:\/\/api.w.org\/{rel}","templated":true}]}}