{"id":588,"date":"2023-02-06T17:20:10","date_gmt":"2023-02-06T16:20:10","guid":{"rendered":"https:\/\/ww-sport.de\/mueggelturm-lauf\/?page_id=588"},"modified":"2025-05-21T10:31:36","modified_gmt":"2025-05-21T08:31:36","slug":"anreise","status":"publish","type":"page","link":"https:\/\/ww-sport.de\/mueggelturm-lauf\/dabei-sein\/anreise\/","title":{"rendered":"Anreise"},"content":{"rendered":"\n<p>Start und Ziel befinden sich im <strong>Seebad Wendenschloss<\/strong>.<\/p>\n\n\n\n<p>Adresse:<br>M\u00f6llhausenufer 30<br>12557 Berlin<br>am S\u00fcdende der Wendenschlo\u00dfstra\u00dfe.<\/p>\n\n\n\n<p><strong>Parkpl\u00e4tze: <\/strong>Weitl\u00e4ufig verteilt im angrenzenden Wohngebiet vorhanden. <br>Zufahrt bis zum Seebad ist <strong>nicht m\u00f6glich<\/strong>! Bitte nicht ins M\u00f6llhausenufer einfahren (Sackgasse!) um unn\u00f6tige Wendeman\u00f6ver mit Staugefahr zu vermeiden und um Versorgungs- und Organisationsfahrzeuge nicht zu behindern! Nicht im Waldgebiet parken!<\/p>\n\n\n\n<p> <\/p>\n\n\n\n<p><strong>Anreise mit \u00d6PNV:<\/strong><\/p>\n\n\n\n<ul class=\"wp-block-list\">\n<li>Tram 62 (ab Mahlsdorf, S-Bahn-K\u00f6penick)<br>bis Endhaltestelle Wendenschlo\u00dfstr., dann zirka 1 Kilometer schon zum Einlaufen<\/li>\n\n\n\n<li>F\u00e4hrlinie F12 von Gr\u00fcnau\/Wassersportallee zur M\u00fcggelbergallee nahe Stra\u00dfenbahn-Endhaltestelle<\/li>\n<\/ul>\n\n\n\n<p>Ein <a href=\"https:\/\/www.openstreetmap.org\/#map=18\/52.41555\/13.60011\" target=\"_blank\" rel=\"noreferrer noopener\">Blick auf die Karte (OpenStreetMap)<\/a>.<\/p>\n","protected":false},"excerpt":{"rendered":"<p>Start und Ziel befinden sich im Seebad Wendenschloss. Adresse:M\u00f6llhausenufer 3012557 Berlinam S\u00fcdende der Wendenschlo\u00dfstra\u00dfe. Parkpl\u00e4tze: Weitl\u00e4ufig verteilt im angrenzenden Wohngebiet vorhanden. Zufahrt bis zum Seebad ist nicht m\u00f6glich!&hellip;<\/p>\n","protected":false},"author":1,"featured_media":1012,"parent":1016,"menu_order":28,"comment_status":"closed","ping_status":"closed","template":"","meta":{"footnotes":""},"class_list":["post-588","page","type-page","status-publish","has-post-thumbnail","hentry"],"_links":{"self":[{"href":"https:\/\/ww-sport.de\/mueggelturm-lauf\/wp-json\/wp\/v2\/pages\/588","targetHints":{"allow":["GET"]}}],"collection":[{"href":"https:\/\/ww-sport.de\/mueggelturm-lauf\/wp-json\/wp\/v2\/pages"}],"about":[{"href":"https:\/\/ww-sport.de\/mueggelturm-lauf\/wp-json\/wp\/v2\/types\/page"}],"author":[{"embeddable":true,"href":"https:\/\/ww-sport.de\/mueggelturm-lauf\/wp-json\/wp\/v2\/users\/1"}],"replies":[{"embeddable":true,"href":"https:\/\/ww-sport.de\/mueggelturm-lauf\/wp-json\/wp\/v2\/comments?post=588"}],"version-history":[{"count":6,"href":"https:\/\/ww-sport.de\/mueggelturm-lauf\/wp-json\/wp\/v2\/pages\/588\/revisions"}],"predecessor-version":[{"id":1510,"href":"https:\/\/ww-sport.de\/mueggelturm-lauf\/wp-json\/wp\/v2\/pages\/588\/revisions\/1510"}],"up":[{"embeddable":true,"href":"https:\/\/ww-sport.de\/mueggelturm-lauf\/wp-json\/wp\/v2\/pages\/1016"}],"wp:featuredmedia":[{"embeddable":true,"href":"https:\/\/ww-sport.de\/mueggelturm-lauf\/wp-json\/wp\/v2\/media\/1012"}],"wp:attachment":[{"href":"https:\/\/ww-sport.de\/mueggelturm-lauf\/wp-json\/wp\/v2\/media?parent=588"}],"curies":[{"name":"wp","href":"https:\/\/api.w.org\/{rel}","templated":true}]}}