{"id":701,"date":"2023-02-07T16:25:42","date_gmt":"2023-02-07T15:25:42","guid":{"rendered":"https:\/\/ww-sport.de\/mueggelturm-lauf\/?page_id=701"},"modified":"2026-03-22T20:25:53","modified_gmt":"2026-03-22T19:25:53","slug":"fotos","status":"publish","type":"page","link":"https:\/\/ww-sport.de\/mueggelturm-lauf\/fotos\/","title":{"rendered":"Fotos &#8230;"},"content":{"rendered":"\n<p>Wieder so viele freundliche Leute und so eine sch\u00f6ne Stimmung, und das Wetter tat ein \u00dcbrigens, trotz des bibberkalten Morgens beim 11. Lauf \u201eRund um den M\u00fcggelturm\u201d am 22. M\u00e4rz 2026. Exakt 1.632 L\u00e4uferinnen und L\u00e4ufer im Ziel nach ihrem Genusslauf durch die Berliner M\u00fcggelberge. Die Teilnahme scheint sich auf diesem hohen Niveau einzupendeln.<\/p>\n\n\n\n<p>Ein gro\u00dfes Dankesch\u00f6n an alle Aktiven, die vielen flei\u00dfigen Helfer, das Team vom Strandbad Wendenschloss sowie die an die Partner und Unterst\u00fctzer des Laufs.<\/p>\n\n\n\n<p>St\u00fcck f\u00fcr St\u00fcck f\u00fcgen wir gern <strong>Bilder von Teilnehmerinnen und Teilnehmern<\/strong> (und Fans an der Strecke) zur Galerie hinzu. Dazu bitte <strong><em>maximal 2 Fotos<\/em><\/strong> mit Angabe des Bildautors an <a href=\"mailto:m.thiel@ww-sport.de\" target=\"_blank\" rel=\"noreferrer noopener\">m.thiel@ww-sport.de<\/a>.<\/p>\n\n\n\n<p class=\"has-text-align-right has-small-font-size\">Fotos\/Videos: M. Thiel, W. Weising. Bei Fotos von Aktiven steht der Fotograf unter dem Bild.<\/p>\n\n\n<div class=\"rl-gallery-container rl-loading rl-pagination-paged\" id=\"rl-gallery-container-1\" data-gallery_id=\"1877\"> <div class=\"rl-pagination rl-pagination-top\"><span aria-current=\"page\" class=\"page-numbers current\">1<\/span> <a class=\"page-numbers\" href=\"https:\/\/ww-sport.de\/mueggelturm-lauf\/wp-json\/wp\/v2\/pages\/701?rl_gallery_no=1&#038;rl_page=2\">2<\/a> <a class=\"page-numbers\" href=\"https:\/\/ww-sport.de\/mueggelturm-lauf\/wp-json\/wp\/v2\/pages\/701?rl_gallery_no=1&#038;rl_page=3\">3<\/a> <span class=\"page-numbers dots\">&hellip;<\/span> <a class=\"page-numbers\" href=\"https:\/\/ww-sport.de\/mueggelturm-lauf\/wp-json\/wp\/v2\/pages\/701?rl_gallery_no=1&#038;rl_page=6\">6<\/a> <a class=\"next page-numbers\" href=\"https:\/\/ww-sport.de\/mueggelturm-lauf\/wp-json\/wp\/v2\/pages\/701?rl_gallery_no=1&#038;rl_page=2\">weiter &raquo;<\/a><\/div> <div class=\"rl-gallery rl-basicgrid-gallery rl-hover-effect-1 rl-hover-icon-2\" id=\"rl-gallery-1\" data-gallery_no=\"1\"> <div class=\"rl-gallery-item\"><a href=\"https:\/\/ww-sport.de\/mueggelturm-lauf\/wp-content\/uploads\/2026_MTL_20260322_100014978.jpg\" title=\"\" data-rl_title=\"\" class=\"rl-gallery-link\" data-rl_caption=\"\" data-rel=\"lightbox-gallery-1\" data-magnific_type=\"gallery\"><img loading=\"lazy\" decoding=\"async\" src=\"https:\/\/ww-sport.de\/mueggelturm-lauf\/wp-content\/uploads\/2026_MTL_20260322_100014978-300x169.jpg\" width=\"300\" height=\"169\" alt=\"\" \/><\/a><\/div><div class=\"rl-gallery-item\"><a href=\"https:\/\/ww-sport.de\/mueggelturm-lauf\/wp-content\/uploads\/2026_MTL_20260322_100015250.jpg\" title=\"\" data-rl_title=\"\" class=\"rl-gallery-link\" data-rl_caption=\"\" data-rel=\"lightbox-gallery-1\" data-magnific_type=\"gallery\"><img loading=\"lazy\" decoding=\"async\" src=\"https:\/\/ww-sport.de\/mueggelturm-lauf\/wp-content\/uploads\/2026_MTL_20260322_100015250-300x169.jpg\" width=\"300\" height=\"169\" alt=\"\" \/><\/a><\/div><div class=\"rl-gallery-item\"><a href=\"https:\/\/ww-sport.de\/mueggelturm-lauf\/wp-content\/uploads\/2026_MTL_20260322_100017529.jpg\" title=\"\" data-rl_title=\"\" class=\"rl-gallery-link\" data-rl_caption=\"\" data-rel=\"lightbox-gallery-1\" data-magnific_type=\"gallery\"><img loading=\"lazy\" decoding=\"async\" src=\"https:\/\/ww-sport.de\/mueggelturm-lauf\/wp-content\/uploads\/2026_MTL_20260322_100017529-300x169.jpg\" width=\"300\" height=\"169\" alt=\"\" \/><\/a><\/div><div class=\"rl-gallery-item\"><a href=\"https:\/\/ww-sport.de\/mueggelturm-lauf\/wp-content\/uploads\/2026_MTL_20260322_100019681.jpg\" title=\"\" data-rl_title=\"\" class=\"rl-gallery-link\" data-rl_caption=\"\" data-rel=\"lightbox-gallery-1\" data-magnific_type=\"gallery\"><img loading=\"lazy\" decoding=\"async\" src=\"https:\/\/ww-sport.de\/mueggelturm-lauf\/wp-content\/uploads\/2026_MTL_20260322_100019681-300x169.jpg\" width=\"300\" height=\"169\" alt=\"\" \/><\/a><\/div><div class=\"rl-gallery-item\"><a href=\"https:\/\/ww-sport.de\/mueggelturm-lauf\/wp-content\/uploads\/2026_MTL_20260322_102020815.jpg\" title=\"\" data-rl_title=\"\" class=\"rl-gallery-link\" data-rl_caption=\"\" data-rel=\"lightbox-gallery-1\" data-magnific_type=\"gallery\"><img loading=\"lazy\" decoding=\"async\" src=\"https:\/\/ww-sport.de\/mueggelturm-lauf\/wp-content\/uploads\/2026_MTL_20260322_102020815-300x169.jpg\" width=\"300\" height=\"169\" alt=\"\" \/><\/a><\/div><div class=\"rl-gallery-item\"><a href=\"https:\/\/ww-sport.de\/mueggelturm-lauf\/wp-content\/uploads\/2026_MTL_20260322_102022221.jpg\" title=\"\" data-rl_title=\"\" class=\"rl-gallery-link\" data-rl_caption=\"\" data-rel=\"lightbox-gallery-1\" data-magnific_type=\"gallery\"><img loading=\"lazy\" decoding=\"async\" src=\"https:\/\/ww-sport.de\/mueggelturm-lauf\/wp-content\/uploads\/2026_MTL_20260322_102022221-300x169.jpg\" width=\"300\" height=\"169\" alt=\"\" \/><\/a><\/div><div class=\"rl-gallery-item\"><a href=\"https:\/\/ww-sport.de\/mueggelturm-lauf\/wp-content\/uploads\/2026_MTL_DSC_5064.jpg\" title=\"\" data-rl_title=\"\" class=\"rl-gallery-link\" data-rl_caption=\"\" data-rel=\"lightbox-gallery-1\" data-magnific_type=\"gallery\"><img loading=\"lazy\" decoding=\"async\" src=\"https:\/\/ww-sport.de\/mueggelturm-lauf\/wp-content\/uploads\/2026_MTL_DSC_5064-300x200.jpg\" width=\"300\" height=\"200\" alt=\"\" \/><\/a><\/div><div class=\"rl-gallery-item\"><a href=\"https:\/\/ww-sport.de\/mueggelturm-lauf\/wp-content\/uploads\/2026_MTL_DSC_5066.jpg\" title=\"\" data-rl_title=\"\" class=\"rl-gallery-link\" data-rl_caption=\"\" data-rel=\"lightbox-gallery-1\" data-magnific_type=\"gallery\"><img loading=\"lazy\" decoding=\"async\" src=\"https:\/\/ww-sport.de\/mueggelturm-lauf\/wp-content\/uploads\/2026_MTL_DSC_5066-300x200.jpg\" width=\"300\" height=\"200\" alt=\"\" \/><\/a><\/div><div class=\"rl-gallery-item\"><a href=\"https:\/\/ww-sport.de\/mueggelturm-lauf\/wp-content\/uploads\/2026_MTL_DSC_5071.jpg\" title=\"\" data-rl_title=\"\" class=\"rl-gallery-link\" data-rl_caption=\"\" data-rel=\"lightbox-gallery-1\" data-magnific_type=\"gallery\"><img loading=\"lazy\" decoding=\"async\" src=\"https:\/\/ww-sport.de\/mueggelturm-lauf\/wp-content\/uploads\/2026_MTL_DSC_5071-300x200.jpg\" width=\"300\" height=\"200\" alt=\"\" \/><\/a><\/div><div class=\"rl-gallery-item\"><a href=\"https:\/\/ww-sport.de\/mueggelturm-lauf\/wp-content\/uploads\/2026_MTL_DSC_5072.jpg\" title=\"\" data-rl_title=\"\" class=\"rl-gallery-link\" data-rl_caption=\"\" data-rel=\"lightbox-gallery-1\" data-magnific_type=\"gallery\"><img loading=\"lazy\" decoding=\"async\" src=\"https:\/\/ww-sport.de\/mueggelturm-lauf\/wp-content\/uploads\/2026_MTL_DSC_5072-300x200.jpg\" width=\"300\" height=\"200\" alt=\"\" \/><\/a><\/div><div class=\"rl-gallery-item\"><a href=\"https:\/\/ww-sport.de\/mueggelturm-lauf\/wp-content\/uploads\/2026_MTL_DSC_5073.jpg\" title=\"\" data-rl_title=\"\" class=\"rl-gallery-link\" data-rl_caption=\"\" data-rel=\"lightbox-gallery-1\" data-magnific_type=\"gallery\"><img loading=\"lazy\" decoding=\"async\" src=\"https:\/\/ww-sport.de\/mueggelturm-lauf\/wp-content\/uploads\/2026_MTL_DSC_5073-300x200.jpg\" width=\"300\" height=\"200\" alt=\"\" \/><\/a><\/div><div class=\"rl-gallery-item\"><a href=\"https:\/\/ww-sport.de\/mueggelturm-lauf\/wp-content\/uploads\/2026_MTL_DSC_5076.jpg\" title=\"\" data-rl_title=\"\" class=\"rl-gallery-link\" data-rl_caption=\"\" data-rel=\"lightbox-gallery-1\" data-magnific_type=\"gallery\"><img loading=\"lazy\" decoding=\"async\" src=\"https:\/\/ww-sport.de\/mueggelturm-lauf\/wp-content\/uploads\/2026_MTL_DSC_5076-300x200.jpg\" width=\"300\" height=\"200\" alt=\"\" \/><\/a><\/div><div class=\"rl-gallery-item\"><a href=\"https:\/\/ww-sport.de\/mueggelturm-lauf\/wp-content\/uploads\/2026_MTL_DSC_5077.jpg\" title=\"\" data-rl_title=\"\" class=\"rl-gallery-link\" data-rl_caption=\"\" data-rel=\"lightbox-gallery-1\" data-magnific_type=\"gallery\"><img loading=\"lazy\" decoding=\"async\" src=\"https:\/\/ww-sport.de\/mueggelturm-lauf\/wp-content\/uploads\/2026_MTL_DSC_5077-300x200.jpg\" width=\"300\" height=\"200\" alt=\"\" \/><\/a><\/div><div class=\"rl-gallery-item\"><a href=\"https:\/\/ww-sport.de\/mueggelturm-lauf\/wp-content\/uploads\/2026_MTL_DSC_5082.jpg\" title=\"\" data-rl_title=\"\" class=\"rl-gallery-link\" data-rl_caption=\"\" data-rel=\"lightbox-gallery-1\" data-magnific_type=\"gallery\"><img loading=\"lazy\" decoding=\"async\" src=\"https:\/\/ww-sport.de\/mueggelturm-lauf\/wp-content\/uploads\/2026_MTL_DSC_5082-300x200.jpg\" width=\"300\" height=\"200\" alt=\"\" \/><\/a><\/div><div class=\"rl-gallery-item\"><a href=\"https:\/\/ww-sport.de\/mueggelturm-lauf\/wp-content\/uploads\/2026_MTL_DSC_5083.jpg\" title=\"\" data-rl_title=\"\" class=\"rl-gallery-link\" data-rl_caption=\"\" data-rel=\"lightbox-gallery-1\" data-magnific_type=\"gallery\"><img loading=\"lazy\" decoding=\"async\" src=\"https:\/\/ww-sport.de\/mueggelturm-lauf\/wp-content\/uploads\/2026_MTL_DSC_5083-300x200.jpg\" width=\"300\" height=\"200\" alt=\"\" \/><\/a><\/div><div class=\"rl-gallery-item\"><a href=\"https:\/\/ww-sport.de\/mueggelturm-lauf\/wp-content\/uploads\/2026_MTL_DSC_5084.jpg\" title=\"\" data-rl_title=\"\" class=\"rl-gallery-link\" data-rl_caption=\"\" data-rel=\"lightbox-gallery-1\" data-magnific_type=\"gallery\"><img loading=\"lazy\" decoding=\"async\" src=\"https:\/\/ww-sport.de\/mueggelturm-lauf\/wp-content\/uploads\/2026_MTL_DSC_5084-300x200.jpg\" width=\"300\" height=\"200\" alt=\"\" \/><\/a><\/div><div class=\"rl-gallery-item\"><a href=\"https:\/\/ww-sport.de\/mueggelturm-lauf\/wp-content\/uploads\/2026_MTL_DSC_5085.jpg\" title=\"\" data-rl_title=\"\" class=\"rl-gallery-link\" data-rl_caption=\"\" data-rel=\"lightbox-gallery-1\" data-magnific_type=\"gallery\"><img loading=\"lazy\" decoding=\"async\" src=\"https:\/\/ww-sport.de\/mueggelturm-lauf\/wp-content\/uploads\/2026_MTL_DSC_5085-300x200.jpg\" width=\"300\" height=\"200\" alt=\"\" \/><\/a><\/div><div class=\"rl-gallery-item\"><a href=\"https:\/\/ww-sport.de\/mueggelturm-lauf\/wp-content\/uploads\/2026_MTL_DSC_5087.jpg\" title=\"\" data-rl_title=\"\" class=\"rl-gallery-link\" data-rl_caption=\"\" data-rel=\"lightbox-gallery-1\" data-magnific_type=\"gallery\"><img loading=\"lazy\" decoding=\"async\" src=\"https:\/\/ww-sport.de\/mueggelturm-lauf\/wp-content\/uploads\/2026_MTL_DSC_5087-300x200.jpg\" width=\"300\" height=\"200\" alt=\"\" \/><\/a><\/div><div class=\"rl-gallery-item\"><a href=\"https:\/\/ww-sport.de\/mueggelturm-lauf\/wp-content\/uploads\/2026_MTL_DSC_5088.jpg\" title=\"\" data-rl_title=\"\" class=\"rl-gallery-link\" data-rl_caption=\"\" data-rel=\"lightbox-gallery-1\" data-magnific_type=\"gallery\"><img loading=\"lazy\" decoding=\"async\" src=\"https:\/\/ww-sport.de\/mueggelturm-lauf\/wp-content\/uploads\/2026_MTL_DSC_5088-300x200.jpg\" width=\"300\" height=\"200\" alt=\"\" \/><\/a><\/div><div class=\"rl-gallery-item\"><a href=\"https:\/\/ww-sport.de\/mueggelturm-lauf\/wp-content\/uploads\/2026_MTL_DSC_5094.jpg\" title=\"\" data-rl_title=\"\" class=\"rl-gallery-link\" data-rl_caption=\"\" data-rel=\"lightbox-gallery-1\" data-magnific_type=\"gallery\"><img loading=\"lazy\" decoding=\"async\" src=\"https:\/\/ww-sport.de\/mueggelturm-lauf\/wp-content\/uploads\/2026_MTL_DSC_5094-300x200.jpg\" width=\"300\" height=\"200\" alt=\"\" \/><\/a><\/div><div class=\"rl-gallery-item\"><a href=\"https:\/\/ww-sport.de\/mueggelturm-lauf\/wp-content\/uploads\/2026_MTL_DSC_5095.jpg\" title=\"\" data-rl_title=\"\" class=\"rl-gallery-link\" data-rl_caption=\"\" data-rel=\"lightbox-gallery-1\" data-magnific_type=\"gallery\"><img loading=\"lazy\" decoding=\"async\" src=\"https:\/\/ww-sport.de\/mueggelturm-lauf\/wp-content\/uploads\/2026_MTL_DSC_5095-300x200.jpg\" width=\"300\" height=\"200\" alt=\"\" \/><\/a><\/div><div class=\"rl-gallery-item\"><a href=\"https:\/\/ww-sport.de\/mueggelturm-lauf\/wp-content\/uploads\/2026_MTL_DSC_5096.jpg\" title=\"\" data-rl_title=\"\" class=\"rl-gallery-link\" data-rl_caption=\"\" data-rel=\"lightbox-gallery-1\" data-magnific_type=\"gallery\"><img loading=\"lazy\" decoding=\"async\" src=\"https:\/\/ww-sport.de\/mueggelturm-lauf\/wp-content\/uploads\/2026_MTL_DSC_5096-300x200.jpg\" width=\"300\" height=\"200\" alt=\"\" \/><\/a><\/div><div class=\"rl-gallery-item\"><a href=\"https:\/\/ww-sport.de\/mueggelturm-lauf\/wp-content\/uploads\/2026_MTL_DSC_5097.jpg\" title=\"\" data-rl_title=\"\" class=\"rl-gallery-link\" data-rl_caption=\"\" data-rel=\"lightbox-gallery-1\" data-magnific_type=\"gallery\"><img loading=\"lazy\" decoding=\"async\" src=\"https:\/\/ww-sport.de\/mueggelturm-lauf\/wp-content\/uploads\/2026_MTL_DSC_5097-300x200.jpg\" width=\"300\" height=\"200\" alt=\"\" \/><\/a><\/div><div class=\"rl-gallery-item\"><a href=\"https:\/\/ww-sport.de\/mueggelturm-lauf\/wp-content\/uploads\/2026_MTL_DSC_5098.jpg\" title=\"\" data-rl_title=\"\" class=\"rl-gallery-link\" data-rl_caption=\"\" data-rel=\"lightbox-gallery-1\" data-magnific_type=\"gallery\"><img loading=\"lazy\" decoding=\"async\" src=\"https:\/\/ww-sport.de\/mueggelturm-lauf\/wp-content\/uploads\/2026_MTL_DSC_5098-300x200.jpg\" width=\"300\" height=\"200\" alt=\"\" \/><\/a><\/div> <\/div> <div class=\"rl-pagination rl-pagination-bottom\"><span aria-current=\"page\" class=\"page-numbers current\">1<\/span> <a class=\"page-numbers\" href=\"https:\/\/ww-sport.de\/mueggelturm-lauf\/wp-json\/wp\/v2\/pages\/701?rl_gallery_no=1&#038;rl_page=2\">2<\/a> <a class=\"page-numbers\" href=\"https:\/\/ww-sport.de\/mueggelturm-lauf\/wp-json\/wp\/v2\/pages\/701?rl_gallery_no=1&#038;rl_page=3\">3<\/a> <span class=\"page-numbers dots\">&hellip;<\/span> <a class=\"page-numbers\" href=\"https:\/\/ww-sport.de\/mueggelturm-lauf\/wp-json\/wp\/v2\/pages\/701?rl_gallery_no=1&#038;rl_page=6\">6<\/a> <a class=\"next page-numbers\" href=\"https:\/\/ww-sport.de\/mueggelturm-lauf\/wp-json\/wp\/v2\/pages\/701?rl_gallery_no=1&#038;rl_page=2\">weiter &raquo;<\/a><\/div> <\/div>\n\n\n\n<h4 class=\"wp-block-heading\">&#8230; von Aktiven angemerkt<\/h4>\n\n\n\n<blockquote class=\"wp-block-quote is-layout-flow wp-block-quote-is-layout-flow\">\n<p>F\u00fcr mich war das hier eine langfristige Vorbereitung f\u00fcr den diesj\u00e4hrigen Berlin-Marathon. Ich habe vor 4 Jahren mit dem Rauchen aufgeh\u00f6rt und bis ganz froh, hier heute die 10 Kilometer eine 57:44 gelaufen zu sein. Au\u00dferdem macht es mich immer sehr gl\u00fccklich, so unkompliziert und unvoreingenommen mit vielen Anderen etwas gemeinesam zu machen. Da k\u00f6nnte sich die Welt von uns L\u00e4ufer*innen was abgucken.<\/p>\n<cite>Marene<\/cite><\/blockquote>\n\n\n\n<blockquote class=\"wp-block-quote is-layout-flow wp-block-quote-is-layout-flow\">\n<p>Mein erstes Mal hier, ein wundersch\u00f6ner Panoramalauf. Erst die harte Steigung, dann flott bergab \u2013 das hat was. Ich habe Lust auf mehr!<\/p>\n<cite>Christopher<\/cite><\/blockquote>\n\n\n\n<p><\/p>\n","protected":false},"excerpt":{"rendered":"<p>Wieder so viele freundliche Leute und so eine sch\u00f6ne Stimmung, und das Wetter tat ein \u00dcbrigens, trotz des bibberkalten Morgens beim 11. Lauf \u201eRund um den M\u00fcggelturm\u201d am&hellip;<\/p>\n","protected":false},"author":1,"featured_media":0,"parent":0,"menu_order":70,"comment_status":"closed","ping_status":"closed","template":"template-full-width.php","meta":{"footnotes":""},"class_list":["post-701","page","type-page","status-publish","has-post-thumbnail","hentry"],"_links":{"self":[{"href":"https:\/\/ww-sport.de\/mueggelturm-lauf\/wp-json\/wp\/v2\/pages\/701","targetHints":{"allow":["GET"]}}],"collection":[{"href":"https:\/\/ww-sport.de\/mueggelturm-lauf\/wp-json\/wp\/v2\/pages"}],"about":[{"href":"https:\/\/ww-sport.de\/mueggelturm-lauf\/wp-json\/wp\/v2\/types\/page"}],"author":[{"embeddable":true,"href":"https:\/\/ww-sport.de\/mueggelturm-lauf\/wp-json\/wp\/v2\/users\/1"}],"replies":[{"embeddable":true,"href":"https:\/\/ww-sport.de\/mueggelturm-lauf\/wp-json\/wp\/v2\/comments?post=701"}],"version-history":[{"count":22,"href":"https:\/\/ww-sport.de\/mueggelturm-lauf\/wp-json\/wp\/v2\/pages\/701\/revisions"}],"predecessor-version":[{"id":1892,"href":"https:\/\/ww-sport.de\/mueggelturm-lauf\/wp-json\/wp\/v2\/pages\/701\/revisions\/1892"}],"wp:attachment":[{"href":"https:\/\/ww-sport.de\/mueggelturm-lauf\/wp-json\/wp\/v2\/media?parent=701"}],"curies":[{"name":"wp","href":"https:\/\/api.w.org\/{rel}","templated":true}]}}