{"id":824,"date":"2023-02-15T10:32:35","date_gmt":"2023-02-15T09:32:35","guid":{"rendered":"https:\/\/ww-sport.de\/mueggelturm-lauf\/?page_id=824"},"modified":"2024-05-13T21:51:44","modified_gmt":"2024-05-13T19:51:44","slug":"finisher-medaille","status":"publish","type":"page","link":"https:\/\/ww-sport.de\/mueggelturm-lauf\/dabei-sein\/finisher-medaille\/","title":{"rendered":"Finisher-Medaille"},"content":{"rendered":"\n<div class=\"wp-block-columns alignwide is-layout-flex wp-container-core-columns-is-layout-9d6595d7 wp-block-columns-is-layout-flex\">\n<div class=\"wp-block-column is-vertically-aligned-top is-layout-flow wp-block-column-is-layout-flow\" style=\"flex-basis:50%\">\n<p>Zum Lauf \u201eRund um den M\u00fcggelturm\u201d <strong>am 19. M\u00e4rz 2023<\/strong> gab es erstmals eine Finisher-Medaille.<\/p>\n\n\n\n<p>Der gro\u00dfe Ansturm auf den Lauf hat dazu gef\u00fchrt, dass nicht alle Finisher sofort im Ziel eine Medaille erhalten haben. Die fehlenden Exemplare wurden nachproduziert und an die Aktiven versendet &#8230;<\/p>\n\n\n\n<p>Und das hat auch geklappt!<\/p>\n<\/div>\n\n\n\n<div class=\"wp-block-column is-vertically-aligned-top is-layout-flow wp-block-column-is-layout-flow\" style=\"flex-basis:50%\"><div class=\"wp-block-image\">\n<figure class=\"aligncenter size-large\"><img loading=\"lazy\" decoding=\"async\" width=\"857\" height=\"1024\" src=\"https:\/\/ww-sport.de\/mueggelturm-lauf\/wp-content\/uploads\/2023-MTL-Endfassung-Medaille-web-857x1024.png\" alt=\"Finisher-Medaille M\u00fcggelturmlauf 2023\" class=\"wp-image-833\" srcset=\"https:\/\/ww-sport.de\/mueggelturm-lauf\/wp-content\/uploads\/2023-MTL-Endfassung-Medaille-web-857x1024.png 857w, https:\/\/ww-sport.de\/mueggelturm-lauf\/wp-content\/uploads\/2023-MTL-Endfassung-Medaille-web-251x300.png 251w, https:\/\/ww-sport.de\/mueggelturm-lauf\/wp-content\/uploads\/2023-MTL-Endfassung-Medaille-web-768x918.png 768w, https:\/\/ww-sport.de\/mueggelturm-lauf\/wp-content\/uploads\/2023-MTL-Endfassung-Medaille-web-1285x1536.png 1285w, https:\/\/ww-sport.de\/mueggelturm-lauf\/wp-content\/uploads\/2023-MTL-Endfassung-Medaille-web-540x646.png 540w, https:\/\/ww-sport.de\/mueggelturm-lauf\/wp-content\/uploads\/2023-MTL-Endfassung-Medaille-web-1080x1291.png 1080w, https:\/\/ww-sport.de\/mueggelturm-lauf\/wp-content\/uploads\/2023-MTL-Endfassung-Medaille-web.png 1345w\" sizes=\"auto, (max-width: 857px) 100vw, 857px\" \/><\/figure>\n<\/div><\/div>\n<\/div>\n","protected":false},"excerpt":{"rendered":"<p>Zum Lauf \u201eRund um den M\u00fcggelturm\u201d am 19. M\u00e4rz 2023 gab es erstmals eine Finisher-Medaille. Der gro\u00dfe Ansturm auf den Lauf hat dazu gef\u00fchrt, dass nicht alle Finisher&hellip;<\/p>\n","protected":false},"author":1,"featured_media":1047,"parent":1016,"menu_order":29,"comment_status":"closed","ping_status":"closed","template":"","meta":{"footnotes":""},"class_list":["post-824","page","type-page","status-publish","has-post-thumbnail","hentry"],"_links":{"self":[{"href":"https:\/\/ww-sport.de\/mueggelturm-lauf\/wp-json\/wp\/v2\/pages\/824","targetHints":{"allow":["GET"]}}],"collection":[{"href":"https:\/\/ww-sport.de\/mueggelturm-lauf\/wp-json\/wp\/v2\/pages"}],"about":[{"href":"https:\/\/ww-sport.de\/mueggelturm-lauf\/wp-json\/wp\/v2\/types\/page"}],"author":[{"embeddable":true,"href":"https:\/\/ww-sport.de\/mueggelturm-lauf\/wp-json\/wp\/v2\/users\/1"}],"replies":[{"embeddable":true,"href":"https:\/\/ww-sport.de\/mueggelturm-lauf\/wp-json\/wp\/v2\/comments?post=824"}],"version-history":[{"count":16,"href":"https:\/\/ww-sport.de\/mueggelturm-lauf\/wp-json\/wp\/v2\/pages\/824\/revisions"}],"predecessor-version":[{"id":1131,"href":"https:\/\/ww-sport.de\/mueggelturm-lauf\/wp-json\/wp\/v2\/pages\/824\/revisions\/1131"}],"up":[{"embeddable":true,"href":"https:\/\/ww-sport.de\/mueggelturm-lauf\/wp-json\/wp\/v2\/pages\/1016"}],"wp:featuredmedia":[{"embeddable":true,"href":"https:\/\/ww-sport.de\/mueggelturm-lauf\/wp-json\/wp\/v2\/media\/1047"}],"wp:attachment":[{"href":"https:\/\/ww-sport.de\/mueggelturm-lauf\/wp-json\/wp\/v2\/media?parent=824"}],"curies":[{"name":"wp","href":"https:\/\/api.w.org\/{rel}","templated":true}]}}